{"id":15131,"date":"2024-10-31T10:56:30","date_gmt":"2024-10-31T09:56:30","guid":{"rendered":"https:\/\/www.ina-wissmann.de\/shop\/?post_type=product&#038;p=15131"},"modified":"2025-03-02T15:28:55","modified_gmt":"2025-03-02T14:28:55","slug":"skelettquarz-elestial-aus-dem-himalaya","status":"publish","type":"product","link":"https:\/\/www.ina-wissmann.de\/shop\/produkt\/skelettquarz-elestial-aus-dem-himalaya\/","title":{"rendered":"Skelettquarz, Elestial aus dem Himalaya"},"content":{"rendered":"<p>Elestialquarz Himalaya<\/p>\n","protected":false},"excerpt":{"rendered":"<p>Wundersch\u00f6ner Bergkristall Elestial, auch als Skelettquarz bekann.<br \/>\nDiese Kristalle unterst\u00fctzen die geistige Weiterentwicklung, die Klarheit in deinem Tun und f\u00f6rdern dein geistiges Urwissen. Sie bringen dich in dein urspr\u00fcngliches Vertrauen zur\u00fcck und f\u00f6rdern deine Entwicklung auf allen Ebenen.<br \/>\nBergkristalle stehen f\u00fcr Klarheit und Neutralit\u00e4t und bringen neue Energie.<br \/>\nMa\u00dfe: ca. 43g, ca. 5,5cm gro\u00df<br \/>\nBei Bestellung erh\u00e4ltst du genau diesen Stein!<\/p>\n","protected":false},"featured_media":15119,"comment_status":"open","ping_status":"closed","template":"","meta":[],"product_brand":[],"product_cat":[281,244],"product_tag":[],"class_list":{"0":"post-15131","1":"product","2":"type-product","3":"status-publish","4":"has-post-thumbnail","6":"product_cat-steinbock-22-12-20-01","7":"product_cat-unkategorisiert","8":"post-wrapper","9":"thrv_wrapper","11":"first","12":"instock","13":"sold-individually","14":"taxable","15":"shipping-taxable","16":"purchasable","17":"product-type-simple"},"jetpack_sharing_enabled":true,"_links":{"self":[{"href":"https:\/\/www.ina-wissmann.de\/shop\/wp-json\/wp\/v2\/product\/15131","targetHints":{"allow":["GET"]}}],"collection":[{"href":"https:\/\/www.ina-wissmann.de\/shop\/wp-json\/wp\/v2\/product"}],"about":[{"href":"https:\/\/www.ina-wissmann.de\/shop\/wp-json\/wp\/v2\/types\/product"}],"replies":[{"embeddable":true,"href":"https:\/\/www.ina-wissmann.de\/shop\/wp-json\/wp\/v2\/comments?post=15131"}],"wp:featuredmedia":[{"embeddable":true,"href":"https:\/\/www.ina-wissmann.de\/shop\/wp-json\/wp\/v2\/media\/15119"}],"wp:attachment":[{"href":"https:\/\/www.ina-wissmann.de\/shop\/wp-json\/wp\/v2\/media?parent=15131"}],"wp:term":[{"taxonomy":"product_brand","embeddable":true,"href":"https:\/\/www.ina-wissmann.de\/shop\/wp-json\/wp\/v2\/product_brand?post=15131"},{"taxonomy":"product_cat","embeddable":true,"href":"https:\/\/www.ina-wissmann.de\/shop\/wp-json\/wp\/v2\/product_cat?post=15131"},{"taxonomy":"product_tag","embeddable":true,"href":"https:\/\/www.ina-wissmann.de\/shop\/wp-json\/wp\/v2\/product_tag?post=15131"}],"curies":[{"name":"wp","href":"https:\/\/api.w.org\/{rel}","templated":true}]}}