{"id":14836,"date":"2024-10-24T23:27:07","date_gmt":"2024-10-24T21:27:07","guid":{"rendered":"https:\/\/www.ina-wissmann.de\/shop\/?post_type=product&#038;p=14836"},"modified":"2025-05-10T11:26:33","modified_gmt":"2025-05-10T09:26:33","slug":"pallasit","status":"publish","type":"product","link":"https:\/\/www.ina-wissmann.de\/shop\/produkt\/pallasit\/","title":{"rendered":"Pallasit Scheibe mit Olivin Gr.M"},"content":{"rendered":"<p>Stein-Eisen-Meteorit mit Olivinen aus der N\u00e4he von Jepara (Java-Indonesien) ca. 2x2cm. Diese seltenen Meteoriten haben eine nickel- und eisenhaltige Oberfl\u00e4che, in der Olivine mit ca. 6-12mm Gr\u00f6\u00dfe gleichm\u00e4\u00dfig enthalten sind.<\/p>\n<p>Es handelt sich hier um sehr seltenes, Milliarden Jahre altes Material aus dem Weltraum, welches 2008 gefunden wurde (Gesamtvorkommen ca. 490kg)<br \/>\nDiese d\u00fcnnen Platten sind einzigartig in Ihrer Zeichnung und werden h\u00e4ufig f\u00fcr Ziffernbl\u00e4tter von Luxusuhren verwendet.<br \/>\nPallasiten wird nachgesagt, dass sich in Ihnen die fr\u00fche Geschichte der Entstehung unseres Sonnensystems wiederfindet.<\/p>\n<p>&nbsp;<\/p>\n","protected":false},"excerpt":{"rendered":"<p>Stein-Eisen-Meteorit mit Olivinen aus der N\u00e4he von Jepara (Java-Indonesien) ca. 2x2cm. Diese seltenen Meteoriten haben eine nickel- und eisenhaltige Oberfl\u00e4che, in der Olivine mit ca. 6-12mm Gr\u00f6\u00dfe gleichm\u00e4\u00dfig enthalten sind. Es handelt sich hier um sehr seltenes, Milliarden Jahre altes Material aus dem Weltraum, welches 2008 gefunden wurde (Gesamtvorkommen ca. 490kg) Diese d\u00fcnnen Platten sind [&hellip;]<\/p>\n","protected":false},"featured_media":14846,"comment_status":"open","ping_status":"closed","template":"","meta":[],"product_brand":[],"product_cat":[244],"product_tag":[],"class_list":{"0":"post-14836","1":"product","2":"type-product","3":"status-publish","4":"has-post-thumbnail","6":"product_cat-unkategorisiert","7":"post-wrapper","8":"thrv_wrapper","10":"first","11":"instock","12":"sold-individually","13":"taxable","14":"shipping-taxable","15":"purchasable","16":"product-type-simple"},"jetpack_sharing_enabled":true,"_links":{"self":[{"href":"https:\/\/www.ina-wissmann.de\/shop\/wp-json\/wp\/v2\/product\/14836","targetHints":{"allow":["GET"]}}],"collection":[{"href":"https:\/\/www.ina-wissmann.de\/shop\/wp-json\/wp\/v2\/product"}],"about":[{"href":"https:\/\/www.ina-wissmann.de\/shop\/wp-json\/wp\/v2\/types\/product"}],"replies":[{"embeddable":true,"href":"https:\/\/www.ina-wissmann.de\/shop\/wp-json\/wp\/v2\/comments?post=14836"}],"wp:featuredmedia":[{"embeddable":true,"href":"https:\/\/www.ina-wissmann.de\/shop\/wp-json\/wp\/v2\/media\/14846"}],"wp:attachment":[{"href":"https:\/\/www.ina-wissmann.de\/shop\/wp-json\/wp\/v2\/media?parent=14836"}],"wp:term":[{"taxonomy":"product_brand","embeddable":true,"href":"https:\/\/www.ina-wissmann.de\/shop\/wp-json\/wp\/v2\/product_brand?post=14836"},{"taxonomy":"product_cat","embeddable":true,"href":"https:\/\/www.ina-wissmann.de\/shop\/wp-json\/wp\/v2\/product_cat?post=14836"},{"taxonomy":"product_tag","embeddable":true,"href":"https:\/\/www.ina-wissmann.de\/shop\/wp-json\/wp\/v2\/product_tag?post=14836"}],"curies":[{"name":"wp","href":"https:\/\/api.w.org\/{rel}","templated":true}]}}