{"id":14267,"date":"2024-11-21T15:53:29","date_gmt":"2024-11-21T14:53:29","guid":{"rendered":"https:\/\/www.ina-wissmann.de\/shop\/?post_type=product&#038;p=14267"},"modified":"2025-10-31T21:25:24","modified_gmt":"2025-10-31T20:25:24","slug":"diopsid-trommelstein-gr-m-gebohrt-als-anhaenger","status":"publish","type":"product","link":"https:\/\/www.ina-wissmann.de\/shop\/produkt\/diopsid-trommelstein-gr-m-gebohrt-als-anhaenger\/","title":{"rendered":"Diopsid Trommelstein Gr. M gebohrt als Anh\u00e4nger"},"content":{"rendered":"<h4><strong>Diopsid \u2013 Der Stein der Regeneration und Vitalit\u00e4t<\/strong><\/h4>\n<p> Der Diopsid ist ein tiefdunkelgr\u00fcner Edelstein, der f\u00fcr seine regenerativen Eigenschaften bekannt ist. Seine Farbe und seine kraftvolle Energie machen ihn zu einem wichtigen Heilstein. <\/p>\n<h4><strong>Bedeutung &amp; Anwendung<\/strong><\/h4>\n<p> Der Diopsid unterst\u00fctzt deine Regenerationskraft und f\u00f6rdert die Erholung von k\u00f6rperlichen und emotionalen Belastungen. Er tr\u00e4gt zur emotionalen Heilung bei und hilft dir, Trauer und Schmerz besser zu verarbeiten. Trage den Diopsid als Schmuck oder lege ihn auf betroffene K\u00f6rperstellen, um seine regenerative Energie zu genie\u00dfen. <\/p>\n<h4><strong>Lieferumfang<\/strong>:<\/h4>\n<p> Bei Bestellung bekommst du genau einen \u00e4hnlichen Stein wie abgebildet. <\/p>\n<h4><strong>Steine sind ein Naturprodukt<\/strong><\/h4>\n<p> Edelsteine sind ein Naturprodukt und k\u00f6nnen Farbabweichungen und nat\u00fcrliche Risse an der Oberfl\u00e4che haben. Dies ist unvermeidlich, da nat\u00fcrlich entstanden. Trotz sorgf\u00e4ltiger Schleifarbeit kommt es zu unterschiedlichen Oberfl\u00e4chen und Polituren. Bitte ber\u00fccksichtige das bei deinem Einkauf. Du erwirbst ein Naturprodukt, wo keines so ist, wie das andere! <\/p>\n<h4><strong>Pflege und Reinigung<\/strong><\/h4>\n<p> Reinige deinen Diopsid regelm\u00e4\u00dfig unter flie\u00dfendem Wasser und l\u00f6sche die aufgenommenen Informationen, indem du ihn auf eine Amethystdruse legst. <\/p>\n<h4><strong>Chakra-Zuordnung und Sternzeichen<\/strong><\/h4>\n<p> Der Diopsid harmonisiert das Herzchakra und unterst\u00fctzt besonders die Sternzeichen Jungfrau und Steinbock in ihren Heilungsprozessen. <\/p>\n<h4><strong>Meine pers\u00f6nliche Empfehlung<\/strong><\/h4>\n<p> Ich trage meinen Diopsid gerne als Anh\u00e4nger, besonders wenn ich zus\u00e4tzliche Unterst\u00fctzung und Regeneration ben\u00f6tige. Seine Energie hilft mir, den Tag mit mehr Power zu meistern.  <em><img class=size-full wp-image-7409 alignleft src=https:\/\/www.ina-wissmann.de\/shop\/wp-content\/uploads\/2021\/06\/SHop-Produkt-Anwender-Tipp-Bild.jpg alt= width=200 height=200 \/><\/em>  &nbsp;  &nbsp;  Der Diopsid unterst\u00fctzt deine Regenerationskraft und das Loslassen!  &nbsp;  &nbsp;  &nbsp; <\/p>\n<h4><strong>Kundenbewertungen<\/strong><\/h4>\n<p> Seit ich meinen Diopsid habe, f\u00fchle ich mich viel energiegeladener und ausgeglichener. Er ist mein t\u00e4glicher Begleiter geworden. \u2013 Laura K.  Hol dir jetzt deinen Diopsid und f\u00f6rdere Regeneration und Vitalit\u00e4t in deinem Leben!<\/p>\n","protected":false},"excerpt":{"rendered":"<p>Schwarzer Diopsid Anh\u00e4nger gebohrt<\/p>\n","protected":false},"featured_media":14268,"comment_status":"open","ping_status":"open","template":"","meta":[],"product_brand":[],"product_cat":[262,263,764,305,317,377,184],"product_tag":[],"class_list":{"0":"post-14267","1":"product","2":"type-product","3":"status-publish","4":"has-post-thumbnail","6":"product_cat-edelsteine","7":"product_cat-edelsteine-a-z","8":"product_cat-gesundheit-vitalitaet","9":"product_cat-heilsteine","10":"product_cat-heilsteine-nach-farben","11":"product_cat-neu-im-shop","12":"product_cat-schwarz","13":"product_shipping_class-paket","14":"post-wrapper","15":"thrv_wrapper","17":"first","18":"instock","19":"taxable","20":"shipping-taxable","21":"purchasable","22":"product-type-simple"},"jetpack_sharing_enabled":true,"_links":{"self":[{"href":"https:\/\/www.ina-wissmann.de\/shop\/wp-json\/wp\/v2\/product\/14267","targetHints":{"allow":["GET"]}}],"collection":[{"href":"https:\/\/www.ina-wissmann.de\/shop\/wp-json\/wp\/v2\/product"}],"about":[{"href":"https:\/\/www.ina-wissmann.de\/shop\/wp-json\/wp\/v2\/types\/product"}],"replies":[{"embeddable":true,"href":"https:\/\/www.ina-wissmann.de\/shop\/wp-json\/wp\/v2\/comments?post=14267"}],"wp:featuredmedia":[{"embeddable":true,"href":"https:\/\/www.ina-wissmann.de\/shop\/wp-json\/wp\/v2\/media\/14268"}],"wp:attachment":[{"href":"https:\/\/www.ina-wissmann.de\/shop\/wp-json\/wp\/v2\/media?parent=14267"}],"wp:term":[{"taxonomy":"product_brand","embeddable":true,"href":"https:\/\/www.ina-wissmann.de\/shop\/wp-json\/wp\/v2\/product_brand?post=14267"},{"taxonomy":"product_cat","embeddable":true,"href":"https:\/\/www.ina-wissmann.de\/shop\/wp-json\/wp\/v2\/product_cat?post=14267"},{"taxonomy":"product_tag","embeddable":true,"href":"https:\/\/www.ina-wissmann.de\/shop\/wp-json\/wp\/v2\/product_tag?post=14267"}],"curies":[{"name":"wp","href":"https:\/\/api.w.org\/{rel}","templated":true}]}}