{"id":14096,"date":"2024-05-05T22:42:21","date_gmt":"2024-05-05T20:42:21","guid":{"rendered":"https:\/\/www.ina-wissmann.de\/shop\/?post_type=product&#038;p=14096"},"modified":"2024-11-20T20:51:27","modified_gmt":"2024-11-20T19:51:27","slug":"versteinertes-holz-anhaenger-m","status":"publish","type":"product","link":"https:\/\/www.ina-wissmann.de\/shop\/produkt\/versteinertes-holz-anhaenger-m\/","title":{"rendered":"Versteinertes Holz Anh\u00e4nger Trommelstein Gr. M"},"content":{"rendered":"<h4>Lieferumfang:<\/h4>\n<p>Unikat \u2013 Bei Bestellung bekommst du genau diesen abgebildeten Stein.<\/p>\n<h4>Steine sind ein Naturprodukt<\/h4>\n<p>Edelsteine sind ein Naturprodukt und k\u00f6nnen Farbabweichungen und nat\u00fcrliche Risse an der Oberfl\u00e4che haben. Dies ist unvermeidlich, da nat\u00fcrlich entstanden. Trotz sorgf\u00e4ltiger Schleifarbeit kommt es zu unterschiedlichen Oberfl\u00e4chen und Polituren. Bitte ber\u00fccksichtige das bei deinem Einkauf. Du erwirbst ein Naturprodukt, wo keines so ist, wie das andere!<\/p>\n<p><em><img decoding=\"async\" class=\"size-full wp-image-7409 alignleft\" src=\"https:\/\/www.ina-wissmann.de\/shop\/wp-content\/uploads\/2021\/06\/SHop-Produkt-Anwender-Tipp-Bild.jpg\" alt=\"\" width=\"200\" height=\"200\" srcset=\"https:\/\/www.ina-wissmann.de\/shop\/wp-content\/uploads\/2021\/06\/SHop-Produkt-Anwender-Tipp-Bild.jpg 200w, https:\/\/www.ina-wissmann.de\/shop\/wp-content\/uploads\/2021\/06\/SHop-Produkt-Anwender-Tipp-Bild-150x150.jpg 150w, https:\/\/www.ina-wissmann.de\/shop\/wp-content\/uploads\/2021\/06\/SHop-Produkt-Anwender-Tipp-Bild-100x100.jpg 100w\" sizes=\"(max-width: 200px) 100vw, 200px\" \/><\/em><\/p>\n<p>&nbsp;<\/p>\n<p>&nbsp;<\/p>\n<p>Mit dem versteinerten Holz bekommst du mehr Bodenhaftung!<\/p>\n","protected":false},"excerpt":{"rendered":"<h3>Beschreibung:<\/h3>\n<p>Versteinertes Holz Anh\u00e4nger Trommelstein Gr. M<\/p>\n<h3>Bedeutung:<\/h3>\n<p>Das versteinerte Holz steht f\u00fcr Bodenst\u00e4ndigkeit. Es macht dich stabil und verwurzelt dich fest &#8211; Erdung. Das versteinerte Holz unterst\u00fctzt somit, mit beiden Beiden fest auf dem Boden der Realit\u00e4t zu stehen. Gerade bei geistiger Arbeit und Meditation ist es sehr hilfreich nicht &#8220;Weg zu schweben&#8221;.<\/p>\n<p>&nbsp;<\/p>\n","protected":false},"featured_media":13522,"comment_status":"open","ping_status":"closed","template":"","meta":[],"product_brand":[],"product_cat":[262,691,188,182,329,263,636,305,317,377,752,654],"product_tag":[],"class_list":{"0":"post-14096","1":"product","2":"type-product","3":"status-publish","4":"has-post-thumbnail","6":"product_cat-edelsteine","7":"product_cat-anhaenger","8":"product_cat-anhaenger-braun","9":"product_cat-braun","10":"product_cat-braune-heilsteine","11":"product_cat-edelsteine-a-z","12":"product_cat-edelsteine-nach-farben","13":"product_cat-heilsteine","14":"product_cat-heilsteine-nach-farben","15":"product_cat-neu-im-shop","16":"product_cat-schmuck","17":"product_cat-steine-mit-v","18":"product_shipping_class-paket","19":"post-wrapper","20":"thrv_wrapper","22":"first","23":"instock","24":"taxable","25":"shipping-taxable","26":"purchasable","27":"product-type-simple"},"jetpack_sharing_enabled":true,"_links":{"self":[{"href":"https:\/\/www.ina-wissmann.de\/shop\/wp-json\/wp\/v2\/product\/14096","targetHints":{"allow":["GET"]}}],"collection":[{"href":"https:\/\/www.ina-wissmann.de\/shop\/wp-json\/wp\/v2\/product"}],"about":[{"href":"https:\/\/www.ina-wissmann.de\/shop\/wp-json\/wp\/v2\/types\/product"}],"replies":[{"embeddable":true,"href":"https:\/\/www.ina-wissmann.de\/shop\/wp-json\/wp\/v2\/comments?post=14096"}],"wp:featuredmedia":[{"embeddable":true,"href":"https:\/\/www.ina-wissmann.de\/shop\/wp-json\/wp\/v2\/media\/13522"}],"wp:attachment":[{"href":"https:\/\/www.ina-wissmann.de\/shop\/wp-json\/wp\/v2\/media?parent=14096"}],"wp:term":[{"taxonomy":"product_brand","embeddable":true,"href":"https:\/\/www.ina-wissmann.de\/shop\/wp-json\/wp\/v2\/product_brand?post=14096"},{"taxonomy":"product_cat","embeddable":true,"href":"https:\/\/www.ina-wissmann.de\/shop\/wp-json\/wp\/v2\/product_cat?post=14096"},{"taxonomy":"product_tag","embeddable":true,"href":"https:\/\/www.ina-wissmann.de\/shop\/wp-json\/wp\/v2\/product_tag?post=14096"}],"curies":[{"name":"wp","href":"https:\/\/api.w.org\/{rel}","templated":true}]}}