{"id":14066,"date":"2024-05-05T16:06:25","date_gmt":"2024-05-05T14:06:25","guid":{"rendered":"https:\/\/www.ina-wissmann.de\/shop\/?post_type=product&#038;p=14066"},"modified":"2025-03-02T16:34:13","modified_gmt":"2025-03-02T15:34:13","slug":"fluorit-trommelstein-2","status":"publish","type":"product","link":"https:\/\/www.ina-wissmann.de\/shop\/produkt\/fluorit-trommelstein-2\/","title":{"rendered":"Fluorit Trommelstein"},"content":{"rendered":"<h4>Lieferumfang:<\/h4>\n<p>Bei Bestellung bekommst du einen der abgebildeten Steine.<\/p>\n<h4>Steine sind ein Naturprodukt<\/h4>\n<p>Edelsteine sind ein Naturprodukt und k\u00f6nnen Farbabweichungen und nat\u00fcrliche Risse an der Oberfl\u00e4che haben. Dies ist unvermeidlich, da nat\u00fcrlich entstanden. Trotz sorgf\u00e4ltiger Schleifarbeit kommt es zu unterschiedlichen Oberfl\u00e4chen und Polituren. Bitte ber\u00fccksichtige das bei deinem Einkauf. Du erwirbst ein Naturprodukt, wo keines so ist, wie das andere!<\/p>\n<p><em><img decoding=\"async\" class=\"size-full wp-image-7409 alignleft\" src=\"https:\/\/www.ina-wissmann.de\/shop\/wp-content\/uploads\/2021\/06\/SHop-Produkt-Anwender-Tipp-Bild.jpg\" alt=\"\" width=\"200\" height=\"200\" srcset=\"https:\/\/www.ina-wissmann.de\/shop\/wp-content\/uploads\/2021\/06\/SHop-Produkt-Anwender-Tipp-Bild.jpg 200w, https:\/\/www.ina-wissmann.de\/shop\/wp-content\/uploads\/2021\/06\/SHop-Produkt-Anwender-Tipp-Bild-150x150.jpg 150w, https:\/\/www.ina-wissmann.de\/shop\/wp-content\/uploads\/2021\/06\/SHop-Produkt-Anwender-Tipp-Bild-100x100.jpg 100w\" sizes=\"(max-width: 200px) 100vw, 200px\" \/><\/em><\/p>\n<p>&nbsp;<\/p>\n<p>&nbsp;<\/p>\n<p>Mit dem Fluorit l\u00e4sst sich dein Leben leichter in Ordnung halten!<\/p>\n","protected":false},"excerpt":{"rendered":"<h3>Beschreibung:<\/h3>\n<p>Fluorit Trommelstein verschiedene Gr\u00f6\u00dfen<\/p>\n<h3>Bedeutung:<\/h3>\n<p>Der Fluorit unterst\u00fctzt dich im Leben Ordnung zu halten und auch geistig aufzur\u00e4umen. Er steht f\u00fcr Freigeist und Beweglichkeit. Er unterst\u00fctzt Gedanken zu sortieren, st\u00e4rkt die Konzentration und l\u00e4sst gut den Fokus auf eine Sache halten. Mit dem Fluorit in der Tasche oder als Anh\u00e4nger lassen sich Entscheidungen leichter treffen. Fluorit macht tiefe Gef\u00fchle eher bewusst, weil er sie sehr intensiviert. Er kl\u00e4rt emotionale Verwirrung. Fluorit kl\u00e4rt die Gedanken, so dass neue Ideen wieder Platz im Leben haben. Ein idealer Stein, um den Fokus auf dein Ziel zu halten, wenn du dich sonst \u00f6fter in vielen Gedanken verlierst, die dich durcheinanderbringen.<\/p>\n<p>&nbsp;<\/p>\n","protected":false},"featured_media":13578,"comment_status":"open","ping_status":"closed","template":"","meta":[],"product_brand":[],"product_cat":[262,181,319,263,636,275,204,305,317,377,639],"product_tag":[],"class_list":{"0":"post-14066","1":"product","2":"type-product","3":"status-publish","4":"has-post-thumbnail","6":"product_cat-edelsteine","7":"product_cat-bunt","8":"product_cat-bunte-heilsteine","9":"product_cat-edelsteine-a-z","10":"product_cat-edelsteine-nach-farben","11":"product_cat-fische-20-02-20-03","12":"product_cat-handschmeichler-bunt","13":"product_cat-heilsteine","14":"product_cat-heilsteine-nach-farben","15":"product_cat-neu-im-shop","16":"product_cat-steine-mit-f","17":"product_shipping_class-paket","18":"post-wrapper","19":"thrv_wrapper","21":"first","22":"instock","23":"taxable","24":"shipping-taxable","25":"purchasable","26":"product-type-variable"},"jetpack_sharing_enabled":true,"_links":{"self":[{"href":"https:\/\/www.ina-wissmann.de\/shop\/wp-json\/wp\/v2\/product\/14066","targetHints":{"allow":["GET"]}}],"collection":[{"href":"https:\/\/www.ina-wissmann.de\/shop\/wp-json\/wp\/v2\/product"}],"about":[{"href":"https:\/\/www.ina-wissmann.de\/shop\/wp-json\/wp\/v2\/types\/product"}],"replies":[{"embeddable":true,"href":"https:\/\/www.ina-wissmann.de\/shop\/wp-json\/wp\/v2\/comments?post=14066"}],"wp:featuredmedia":[{"embeddable":true,"href":"https:\/\/www.ina-wissmann.de\/shop\/wp-json\/wp\/v2\/media\/13578"}],"wp:attachment":[{"href":"https:\/\/www.ina-wissmann.de\/shop\/wp-json\/wp\/v2\/media?parent=14066"}],"wp:term":[{"taxonomy":"product_brand","embeddable":true,"href":"https:\/\/www.ina-wissmann.de\/shop\/wp-json\/wp\/v2\/product_brand?post=14066"},{"taxonomy":"product_cat","embeddable":true,"href":"https:\/\/www.ina-wissmann.de\/shop\/wp-json\/wp\/v2\/product_cat?post=14066"},{"taxonomy":"product_tag","embeddable":true,"href":"https:\/\/www.ina-wissmann.de\/shop\/wp-json\/wp\/v2\/product_tag?post=14066"}],"curies":[{"name":"wp","href":"https:\/\/api.w.org\/{rel}","templated":true}]}}