{"id":13824,"date":"2024-04-29T22:49:33","date_gmt":"2024-04-29T20:49:33","guid":{"rendered":"https:\/\/www.ina-wissmann.de\/shop\/?post_type=product&#038;p=13824"},"modified":"2024-11-20T22:04:14","modified_gmt":"2024-11-20T21:04:14","slug":"crystal-spirit-box","status":"publish","type":"product","link":"https:\/\/www.ina-wissmann.de\/shop\/produkt\/crystal-spirit-box\/","title":{"rendered":"Crystal Spirit Box &#8211; Hilfreiche Dinge zu deinem Thema"},"content":{"rendered":"<p>Mit der Crystal-Spirit-Box lade ich dich ein, in die Selbstreflexion zu gehen, gezielt auf dein inneres Wachstum und deine spirituelle Entwicklung zu schauen. Jede Box ist einzigartig und wird liebevoll nach den genannten Themen mit passenden Edelsteinen zusammengestellt, um dir eine tiefe und pers\u00f6nliche Erfahrung zu bieten.<br \/>\nEin Beschreibung zur Anwendung liegt der Box jeweils bei.<\/p>\n<p>Bereite dich auf eine Entdeckungsreise vor, die nicht nur deine Sinne, sondern auch deine Seele ber\u00fchrt. In jeder Box findest du eine handverlesene Auswahl an Edelsteinen und hochwertigen Produkten, die dich inspirieren und unterst\u00fctzen sollen. Lass dich von der Vielfalt und der Qualit\u00e4t der Inhalte \u00fcberraschen \u2013 von schimmernden Kristallen \u00fcber impulsgebende Heilsteine bis hin zu energetisierendem R\u00e4ucherwerk.<\/p>\n<p>Unsere <strong>Crystal-Spirit-Boxen<\/strong> sind thematisch vielf\u00e4ltig gestaltet, sodass f\u00fcr jede Sehnsucht und jedes spirituelle Bed\u00fcrfnis etwas dabei ist:<\/p>\n<p>\u2764\ufe0f <strong>Love &amp; Harmony<\/strong>: Verst\u00e4rke Liebe und Harmonie in deinen Beziehungen.<br \/>\n? <b>Home Cleaning: <\/b>Steigere deine Energie und Dynamik im Alltag mit ausgew\u00e4hlten Kristallen.<br \/>\n? <strong>Chakra Energie<\/strong>: Bringe deine Energiezentren mit ausgew\u00e4hlten Kristallen in Einklang.<br \/>\n? <strong>Next Level Energy<\/strong>: Steigere deine Energie und Dynamik im Alltag.<br \/>\n? <strong>Abundance<\/strong>: Ziehe F\u00fclle und Wohlstand in dein Leben.<br \/>\n? <strong>Transform Yourself<\/strong>: Unterst\u00fctze deine pers\u00f6nliche Transformation und Weiterentwicklung.<br \/>\n? <strong>Crystal Surprise<\/strong>: Lass dich von einer geheimnisvollen Auswahl \u00fcberraschen.<br \/>\n?\ufe0f <strong>Soul Freedom<\/strong>: F\u00f6rdere deine geistige Freiheit und Unabh\u00e4ngigkeit.<br \/>\n?\u200d? <strong>Female Empowerment<\/strong>: St\u00e4rke dein weibliches Selbstbewusstsein und deine Intuition.<br \/>\n? <strong>Powerbox<\/strong>: Lade dich mit kraftvollen Energien auf.<br \/>\n? <strong>Self-Confidence<\/strong>: Baue Selbstvertrauen und innere St\u00e4rke auf.<br \/>\n? <strong>Home Welcome<\/strong>: Gestalte einladende und warme Energien f\u00fcr dein Zuhause.<br \/>\n?\ufe0f <strong>Sleep Well<\/strong>: Verbessere die Schlafqualit\u00e4t und f\u00f6rdere erholsamen Schlaf.<br \/>\n? <strong>Stress Relief<\/strong>: Gezielte Unterst\u00fctzung beim Abbau von Stress und Anspannung.<br \/>\n?\ufe0f <strong>Peace &amp; Calm<\/strong>: F\u00f6rdere innere Ruhe und Gelassenheit, um inneren Frieden zu finden.<br \/>\n? <strong>Happiness<\/strong>: F\u00f6rdere Gl\u00fcck und Lebensfreude in deinem Alltag.<br \/>\n? <strong>Mind Clarity<\/strong>: Kl\u00e4re deinen Geist und f\u00f6rdere deine Konzentrationsf\u00e4higkeit und deinen Fokus.<br \/>\n<strong>?\u200d\u2640\ufe0fMeditation Enhancer<\/strong>: Unterst\u00fctze tiefere Meditationserlebnisse und Zentrierung des Geistes.<br \/>\n<strong>?Zen Retreat<\/strong>: Schaffe eine Atmosph\u00e4re der Ruhe und des R\u00fcckzugs, ideal f\u00fcr Yoga-Praktizierende.<br \/>\n? <strong>Spiritu<\/strong><strong>al Awakening<\/strong>: Unterst\u00fctze dein spirituelles Erwachen und tiefere Selbsterkenntnis.<br \/>\n\u262e\ufe0f <strong>Healing Journey<\/strong>: Begleite deine physische und emotionale Heilung.<br \/>\n?\ufe0f <strong>Creative Boost<\/strong>: Inspiriere Kreativit\u00e4t &amp; k\u00fcnstlerischen Ausdruck, um neue Visionen zu entwickeln.<\/p>\n<p>Was dich in jeder Crystal-Spirit-Box erwartet, ist eine sorgf\u00e4ltige Auswahl dieser Inhalte:<\/p>\n<p>\u262f\ufe0f <strong>Edelsteine<\/strong>: Speziell f\u00fcr das jeweilige Thema ausgew\u00e4hlt, um dich auf deiner spirituellen Reise zu unterst\u00fctzen.<br \/>\n? <strong>R\u00e4ucherwerk<\/strong>: F\u00fcr eine harmonisierende und reinigende Atmosph\u00e4re.<br \/>\n? <strong>Trommelsteine<\/strong>: Als st\u00e4ndige Begleiter f\u00fcr Energie und Balance.<br \/>\n? <strong>Rohsteine<\/strong>: Nat\u00fcrlich und kraftvoll f\u00fcr deine Raumgestaltung und Energetisierung.<br \/>\n? <strong>Schmuck<\/strong>: Pers\u00f6nliche Juwelen, die deine Energie ausdr\u00fccken.<br \/>\n?? <strong>Massagesteine<\/strong>: F\u00fcr entspannende Momente und Selbstf\u00fcrsorge.<br \/>\n\u2728 <strong>Reinigungsutensilien<\/strong>: Alles, was du f\u00fcr die energetische Pflege deiner Steine, Aura &amp; R\u00e4ume brauchst.<\/p>\n<p>In jeder Box findest du ander Inhalte, die aus oben genannten Teilen bestehen.<\/p>\n<p>G\u00f6nne dir etwas ganz Besonderes mit der Crystal-Spirit-Box und lerne die schillernde Welt der Edelsteine auf eine neue, thematisch tiefgreifende Weise kennen. Diese Boxen sind nicht nur ein wundervolles Geschenk f\u00fcr deine Liebsten, sondern auch eine Bereicherung f\u00fcr dein eigenes spirituelles Wachstum. Folge deinem inneren Ruf, erfahre das Unbekannte und lass dich heute noch von der Sch\u00f6nheit und Energie dieser nat\u00fcrlichen Sch\u00e4tze \u00fcberraschen. Jede Box birgt ein Abenteuer, das darauf wartet, von dir erlebt zu werden.<\/p>\n<p><strong>Bitte beachte<\/strong>: Die Produktbilder dienen nur zur Veranschaulichung und weichen von den tats\u00e4chlichen Produkten ab! Da die Boxen bei Bestellung zum Thema induviduell zusammengestellt werden und auch deine ganz pers\u00f6nlichen W\u00fcnsche dabei ber\u00fccksichtigt werden k\u00f6nnen, sind hier nur Musterbilder zu sehen!<\/p>\n","protected":false},"excerpt":{"rendered":"<p>Die Box mit den Inhalten f\u00fcr dich, um deiner Energie kraftvoll mit Hilfe aus dem Steinreich zu lenken.<\/p>\n<p>F\u00fcr mehr Wohlbefinden und St\u00e4rke f\u00fcr dein Mindset.<\/p>\n<p>Die Bilder sind nur als Muster gedacht &#8211; deine Box wird sorgf\u00e4ltig zum gew\u00e4hlten Thema f\u00fcr dich pers\u00f6nlich ausgesucht und deine W\u00fcnsche ber\u00fccksichtigt.<\/p>\n","protected":false},"featured_media":14387,"comment_status":"open","ping_status":"closed","template":"","meta":[],"product_brand":[],"product_cat":[701,310,377,750],"product_tag":[],"class_list":{"0":"post-13824","1":"product","2":"type-product","3":"status-publish","4":"has-post-thumbnail","6":"product_cat-bestseller","7":"product_cat-edelsteine-sets","8":"product_cat-neu-im-shop","9":"product_cat-themenboxen","10":"product_shipping_class-paket","11":"post-wrapper","12":"thrv_wrapper","14":"first","15":"instock","16":"taxable","17":"shipping-taxable","18":"purchasable","19":"product-type-variable"},"jetpack_sharing_enabled":true,"_links":{"self":[{"href":"https:\/\/www.ina-wissmann.de\/shop\/wp-json\/wp\/v2\/product\/13824","targetHints":{"allow":["GET"]}}],"collection":[{"href":"https:\/\/www.ina-wissmann.de\/shop\/wp-json\/wp\/v2\/product"}],"about":[{"href":"https:\/\/www.ina-wissmann.de\/shop\/wp-json\/wp\/v2\/types\/product"}],"replies":[{"embeddable":true,"href":"https:\/\/www.ina-wissmann.de\/shop\/wp-json\/wp\/v2\/comments?post=13824"}],"wp:featuredmedia":[{"embeddable":true,"href":"https:\/\/www.ina-wissmann.de\/shop\/wp-json\/wp\/v2\/media\/14387"}],"wp:attachment":[{"href":"https:\/\/www.ina-wissmann.de\/shop\/wp-json\/wp\/v2\/media?parent=13824"}],"wp:term":[{"taxonomy":"product_brand","embeddable":true,"href":"https:\/\/www.ina-wissmann.de\/shop\/wp-json\/wp\/v2\/product_brand?post=13824"},{"taxonomy":"product_cat","embeddable":true,"href":"https:\/\/www.ina-wissmann.de\/shop\/wp-json\/wp\/v2\/product_cat?post=13824"},{"taxonomy":"product_tag","embeddable":true,"href":"https:\/\/www.ina-wissmann.de\/shop\/wp-json\/wp\/v2\/product_tag?post=13824"}],"curies":[{"name":"wp","href":"https:\/\/api.w.org\/{rel}","templated":true}]}}