{"id":13734,"date":"2024-04-29T19:29:25","date_gmt":"2024-04-29T17:29:25","guid":{"rendered":"https:\/\/www.ina-wissmann.de\/shop\/?post_type=product&#038;p=13734"},"modified":"2024-11-20T22:03:05","modified_gmt":"2024-11-20T21:03:05","slug":"crystal-magic-box","status":"publish","type":"product","link":"https:\/\/www.ina-wissmann.de\/shop\/produkt\/crystal-magic-box\/","title":{"rendered":"Crystal Magic Box &#8211; \u00dcberraschung in deiner Lieblingsfarbe"},"content":{"rendered":"<p>Mit der <strong>Crystal Magic Box<\/strong> m\u00f6chte ich dich mitnehmen in eine Welt voller Magie, Sch\u00f6nheit und \u00dcberraschungen! Jede Box ist individuell und unterscheidet sich von allen anderen f\u00fcr eine einzigartige Reise voller Hochgenuss f\u00fcr deine Sinne. Ein <strong>Unikat<\/strong>, das speziell <strong>f\u00fcr dich<\/strong> zugeschnitten wird.<\/p>\n<p>Sei bereit f\u00fcr ein Abenteuer, das deine Seele ber\u00fchrt und deine Neugier weckt. In jeder Box erwartet dich eine <strong>liebevoll zusammengestellte Auswahl<\/strong> an <strong>hochwertigen Edelsteinprodukten<\/strong>, die dich \u00fcberraschen werden. Sei gespannt, denn das Unerwartete wird dich verzaubern. Unsere Edelsteinprodukte sind sorgf\u00e4ltig f\u00fcr dich ausgew\u00e4hlt. Oft findest du in den Boxen auch <strong>hilfreiche Produkte<\/strong> zum R\u00e4uchern, Schmuck oder D\u00fcfte f\u00fcr die Sinne.???<\/p>\n<p><strong>Unsere Crystal Magic Boxen gibt es in f\u00fcnf Gr\u00f6\u00dfen:<\/strong><\/p>\n<p>? <strong>S<\/strong> : Perfekt f\u00fcr Einsteiger, die sich auf ihre erste Reise in die Welt der Edelsteine, Kr\u00e4uter und D\u00fcfte begeben m\u00f6chten.<\/p>\n<p>? M : F\u00fcr Kenner, die tiefer in die Edelsteinwelt einsteigen wollen und nach mehr Vielfalt und \u00dcberraschungen suchen.<\/p>\n<p>? <strong>L<\/strong> : Die Mineralien Schatztruhe f\u00fcr Edelsteinliebhaber, die das Besondere sch\u00e4tzen.<\/p>\n<p>? <strong>XL<\/strong> : Lass dich \u00fcberraschen! Eine besondere Box, deren Inhalt ein Geheimnis bleibt, bis du sie \u00f6ffnest. Ein Fest f\u00fcr alle Sinne!<\/p>\n<p>? <strong>Premium<\/strong>: Die ultimative Box f\u00fcr Abenteurer, randvoll mit hochwertigen \u00dcberraschungen und kostbaren Sch\u00e4tzen der Natur.<\/p>\n<p>Was erwartet dich in unserer <strong>Crystal Magic Box<\/strong>? Eine magische Mischung aus hochwertigen Mineralien, Edelsteinen und Zubeh\u00f6r:<\/p>\n<p>\u262f\ufe0f <strong>Mineralien<\/strong>: Ein Touch des Besonderen mit einem Hauch von Mystik.<br \/>\n? <strong>Arrangements<\/strong> : Glitzernde Kristallformationen, die deine R\u00e4ume energetisieren.<br \/>\n?\ufe0f <strong>Schl\u00fcsselanh\u00e4nger<\/strong>: Schicke Accessoires f\u00fcr deinen Alltags-Look.<br \/>\n?<strong>Schmuckanh\u00e4nger, Ringe &amp; Ketten<\/strong>: Deine pers\u00f6nlichen &#8220;Juwelen&#8221;, die deine Einzigartigkeit zum Ausdruck bringen.<br \/>\n?<strong>Armb\u00e4nder<\/strong>: Elegante Akzente f\u00fcr deine allt\u00e4glichen Unternehmungen.<br \/>\n? <strong>R\u00e4ucherwerk<\/strong>: Balance f\u00fcr Geist und Umgebung, um Harmonie zu schaffen.<br \/>\n?<strong>Trommelsteine<\/strong>: Pflege f\u00fcr K\u00f6rper und Geist, angenehm in der Hand, st\u00e4ndige Energiequelle.<br \/>\n?<strong>Rohsteine<\/strong>: Zur Raumdekoration &amp; Wasserenergetisierung, die Kraftpakete unter den Mineralien.<br \/>\n?<strong>Dekosteine<\/strong>: Ein St\u00fcck Natur f\u00fcr dich &amp; dein zu Hause, um deine Umgebung zu versch\u00f6nern.<br \/>\n??<strong>Massagesteine<\/strong>: Wellness-Oasen f\u00fcr K\u00f6rper, Geist und deine Seele.<br \/>\n\u2728 <strong>Reinigung<\/strong>: Edle Utensilien zur energetischen Reinigung &amp; spirituellen Entwicklung.<br \/>\n? <strong>Pendel<\/strong>: Testinstrumente zur Unterst\u00fctzung deiner inneren F\u00fchrung und Gewissheit.<br \/>\n?\ufe0f<strong>Chakra Steine<\/strong>: Erkunde die Pfade deiner spirituellen Entwicklung.<br \/>\n? <strong>Rarit\u00e4ten &amp; Einzelst\u00fccke<\/strong>: Ein wahres Eldorado f\u00fcr alle Sammler und Liebhaber von Edelsteinen.<\/p>\n<p>Die Boxen kannst du nicht nur nach der <strong>Gr\u00f6\u00dfe ausw\u00e4hlen<\/strong>, sondern auch nach deinen <strong>Farbw\u00fcnschen<\/strong> zusammenstellen. Du bekommst sie in rot, blau, schwarz, wei\u00df, gr\u00fcn, bunt, Regenbogenfarben, alsl Einhornbox f\u00fcr Kinder oder &#8220;Surprise&#8221;, die \u00dcberraschungsbox, in der dich alles erwarten kann. Je nach Gr\u00f6\u00dfe erh\u00e4ltst du je nach Preisklasse gestaffelten Inhalt.<\/p>\n<p>Wenn du spezielle Steinvorlieben hast, schreib mir das in die Kommentarfunktion bei der Bestellung. Soweit m\u00f6glich werde ich deine W\u00fcnsche ber\u00fccksichtigen und zum Beispiel mehr Rohsteine, mehr Trommelsteine oder mehr Schmuck hineingeben, wenn du etwas spezielles haben m\u00f6chtest.<\/p>\n<p>G\u00f6nn dir mit den Crystal Magic Boxen <strong>etwas ganz Besonderes<\/strong> und lerne die faszinierende Welt der Edelsteine von einer neuen Seite kennen. Sie sind nicht nur wundervolle Geschenke f\u00fcr deine Liebsten, sondern auch eine M\u00f6glichkeit, <strong>dich selbst zu verw\u00f6hnen<\/strong>.<\/p>\n<p>Folge deiner Neugierde, erfahre das Unbekannte und bestelle noch heute deine Box, um dich von der Sch\u00f6nheit und Energie dieser nat\u00fcrlichen Sch\u00e4tze \u00fcberraschen zu lassen. <strong>Jede Box birgt ein Abenteuer, das darauf wartet, von dir erlebt zu werden.<\/strong><\/p>\n<p><strong>Wichtig zu beachten<\/strong>: Die Produktbilder dienen nur zur Veranschaulichung und weichen von den tats\u00e4chlichen Produkten ab!<\/p>\n","protected":false},"excerpt":{"rendered":"<p>\u00dcberraschungsbox in deiner Lieblingsfarbe<\/p>\n","protected":false},"featured_media":13805,"comment_status":"open","ping_status":"closed","template":"","meta":[],"product_brand":[],"product_cat":[310,377,750],"product_tag":[],"class_list":{"0":"post-13734","1":"product","2":"type-product","3":"status-publish","4":"has-post-thumbnail","6":"product_cat-edelsteine-sets","7":"product_cat-neu-im-shop","8":"product_cat-themenboxen","9":"pa_select-black","10":"pa_select-blue","11":"pa_select-brown","12":"pa_select-green","13":"pa_select-orange","14":"pa_select-rainbow","15":"pa_select-red","16":"pa_select-surprise","17":"pa_select-unicorn-for-kids","18":"pa_select-violett","19":"pa_select-white","20":"post-wrapper","21":"thrv_wrapper","23":"first","24":"instock","25":"taxable","26":"shipping-taxable","27":"purchasable","28":"product-type-variable"},"jetpack_sharing_enabled":true,"_links":{"self":[{"href":"https:\/\/www.ina-wissmann.de\/shop\/wp-json\/wp\/v2\/product\/13734","targetHints":{"allow":["GET"]}}],"collection":[{"href":"https:\/\/www.ina-wissmann.de\/shop\/wp-json\/wp\/v2\/product"}],"about":[{"href":"https:\/\/www.ina-wissmann.de\/shop\/wp-json\/wp\/v2\/types\/product"}],"replies":[{"embeddable":true,"href":"https:\/\/www.ina-wissmann.de\/shop\/wp-json\/wp\/v2\/comments?post=13734"}],"wp:featuredmedia":[{"embeddable":true,"href":"https:\/\/www.ina-wissmann.de\/shop\/wp-json\/wp\/v2\/media\/13805"}],"wp:attachment":[{"href":"https:\/\/www.ina-wissmann.de\/shop\/wp-json\/wp\/v2\/media?parent=13734"}],"wp:term":[{"taxonomy":"product_brand","embeddable":true,"href":"https:\/\/www.ina-wissmann.de\/shop\/wp-json\/wp\/v2\/product_brand?post=13734"},{"taxonomy":"product_cat","embeddable":true,"href":"https:\/\/www.ina-wissmann.de\/shop\/wp-json\/wp\/v2\/product_cat?post=13734"},{"taxonomy":"product_tag","embeddable":true,"href":"https:\/\/www.ina-wissmann.de\/shop\/wp-json\/wp\/v2\/product_tag?post=13734"}],"curies":[{"name":"wp","href":"https:\/\/api.w.org\/{rel}","templated":true}]}}