{"id":13678,"date":"2024-04-24T16:05:11","date_gmt":"2024-04-24T14:05:11","guid":{"rendered":"https:\/\/www.ina-wissmann.de\/shop\/?post_type=product&#038;p=13678"},"modified":"2025-10-31T14:08:39","modified_gmt":"2025-10-31T13:08:39","slug":"granat-almandin-anhaenger","status":"publish","type":"product","link":"https:\/\/www.ina-wissmann.de\/shop\/produkt\/granat-almandin-anhaenger\/","title":{"rendered":"Granat Almandin Trommelstein poliert Anh\u00e4nger gebohrt Gr. XL"},"content":{"rendered":"<p>Granat Almandin gro\u00dfer Trommelstein Anh\u00e4nger<\/p>\n<p><span style=\"display: inline !important; float: none; background-color: #ffffff; color: #333333; cursor: text; font-family: Georgia,'Times New Roman','Bitstream Charter',Times,serif; font-size: 16px; font-style: normal; font-variant: normal; font-weight: 400; letter-spacing: normal; orphans: 2; text-align: left; text-decoration: none; text-indent: 0px; text-transform: none; -webkit-text-stroke-width: 0px; white-space: normal; word-spacing: 0px;\">Lehrt dich, deine eigene Leidenschaft zu leben. Unterst\u00fctzt Willen und Entschlossenheit. St\u00e4rkt die Wurzeln.<\/span><\/p>\n","protected":false},"excerpt":{"rendered":"<p>Granat Almandin Trommelstein gebohrt als Anh\u00e4nger<\/p>\n","protected":false},"featured_media":13607,"comment_status":"open","ping_status":"closed","template":"","meta":[],"product_brand":[],"product_cat":[263,209,694,271,272,764,317,177,322,274,633,645,700],"product_tag":[],"class_list":{"0":"post-13678","1":"product","2":"type-product","3":"status-publish","4":"has-post-thumbnail","6":"product_cat-edelsteine-a-z","7":"product_cat-anhaenger-rot","8":"product_cat-chakra-steine","9":"product_cat-geburtssteine","10":"product_cat-geburtssteine-nach-sternzeichen","11":"product_cat-gesundheit-vitalitaet","12":"product_cat-heilsteine-nach-farben","13":"product_cat-rot","14":"product_cat-rote-heilsteine","15":"product_cat-skorpion-24-10-22-11","16":"product_cat-steine-mit-a","17":"product_cat-steine-mit-g","18":"product_cat-wurzelchakra","19":"product_shipping_class-paket","20":"post-wrapper","21":"thrv_wrapper","23":"first","24":"instock","25":"taxable","26":"shipping-taxable","27":"purchasable","28":"product-type-simple"},"jetpack_sharing_enabled":true,"_links":{"self":[{"href":"https:\/\/www.ina-wissmann.de\/shop\/wp-json\/wp\/v2\/product\/13678","targetHints":{"allow":["GET"]}}],"collection":[{"href":"https:\/\/www.ina-wissmann.de\/shop\/wp-json\/wp\/v2\/product"}],"about":[{"href":"https:\/\/www.ina-wissmann.de\/shop\/wp-json\/wp\/v2\/types\/product"}],"replies":[{"embeddable":true,"href":"https:\/\/www.ina-wissmann.de\/shop\/wp-json\/wp\/v2\/comments?post=13678"}],"wp:featuredmedia":[{"embeddable":true,"href":"https:\/\/www.ina-wissmann.de\/shop\/wp-json\/wp\/v2\/media\/13607"}],"wp:attachment":[{"href":"https:\/\/www.ina-wissmann.de\/shop\/wp-json\/wp\/v2\/media?parent=13678"}],"wp:term":[{"taxonomy":"product_brand","embeddable":true,"href":"https:\/\/www.ina-wissmann.de\/shop\/wp-json\/wp\/v2\/product_brand?post=13678"},{"taxonomy":"product_cat","embeddable":true,"href":"https:\/\/www.ina-wissmann.de\/shop\/wp-json\/wp\/v2\/product_cat?post=13678"},{"taxonomy":"product_tag","embeddable":true,"href":"https:\/\/www.ina-wissmann.de\/shop\/wp-json\/wp\/v2\/product_tag?post=13678"}],"curies":[{"name":"wp","href":"https:\/\/api.w.org\/{rel}","templated":true}]}}