{"id":13658,"date":"2024-04-24T13:15:38","date_gmt":"2024-04-24T11:15:38","guid":{"rendered":"https:\/\/www.ina-wissmann.de\/shop\/?post_type=product&#038;p=13658"},"modified":"2026-04-08T21:13:46","modified_gmt":"2026-04-08T19:13:46","slug":"bergkristall-phantom-mit-fluorit","status":"publish","type":"product","link":"https:\/\/www.ina-wissmann.de\/shop\/produkt\/bergkristall-phantom-mit-fluorit\/","title":{"rendered":"Bergkristall Phantom mit Fluorit"},"content":{"rendered":"<h4>Herkunft:<\/h4>\n<p>Madagaskar<\/p>\n<h4>Lieferumfang:<\/h4>\n<p>Bei Bestellung bekommst du einen der abgebildeten Steine.<\/p>\n<p><strong>Steine sind ein Naturprodukt<\/strong><\/p>\n<p>Edelsteine sind ein Naturprodukt und k\u00f6nnen Farbabweichungen und nat\u00fcrliche Risse an der Oberfl\u00e4che haben. Dies ist unvermeidlich, da nat\u00fcrlich entstanden. Trotz sorgf\u00e4ltiger Schleifarbeit kommt es zu unterschiedlichen Oberfl\u00e4chen und Polituren. Bitte ber\u00fccksichtige das bei deinem Einkauf. Du erwirbst ein Naturprodukt, wo keines so ist, wie das andere!<\/p>\n<p><em><img decoding=\"async\" class=\"size-full wp-image-7409 alignleft\" src=\"https:\/\/www.ina-wissmann.de\/shop\/wp-content\/uploads\/2021\/06\/SHop-Produkt-Anwender-Tipp-Bild.jpg\" alt=\"\" width=\"200\" height=\"200\" srcset=\"https:\/\/www.ina-wissmann.de\/shop\/wp-content\/uploads\/2021\/06\/SHop-Produkt-Anwender-Tipp-Bild.jpg 200w, https:\/\/www.ina-wissmann.de\/shop\/wp-content\/uploads\/2021\/06\/SHop-Produkt-Anwender-Tipp-Bild-150x150.jpg 150w, https:\/\/www.ina-wissmann.de\/shop\/wp-content\/uploads\/2021\/06\/SHop-Produkt-Anwender-Tipp-Bild-100x100.jpg 100w\" sizes=\"(max-width: 200px) 100vw, 200px\" \/><\/em><\/p>\n<p>&nbsp;<\/p>\n<p>&nbsp;<\/p>\n<p>Phantomquarze in dieser tollen Qualit\u00e4t bringen dir in der Meditation geistige Tiefe!<\/p>\n","protected":false},"excerpt":{"rendered":"<h3>Beschreibung:<\/h3>\n<p>Bergkristall Phantom mit Fluorit Trommelstein<\/p>\n<p><strong>Bedeutung:<\/strong><\/p>\n<p>F\u00fcr geistiges Wachstum und das Erreichen gr\u00f6\u00dferer Entwicklungsspr\u00fcnge, Phantomquarze er\u00f6ffnen dir neue Horizonte des Wissens und unterst\u00fctzen dich, deine geistigen F\u00e4higkeiten weiter auszubauen.<\/p>\n<p>&nbsp;<\/p>\n","protected":false},"featured_media":13363,"comment_status":"open","ping_status":"closed","template":"","meta":[],"product_brand":[],"product_cat":[262,263,636,192,305,317,173,261,377,281,634,172,325],"product_tag":[],"class_list":{"0":"post-13658","1":"product","2":"type-product","3":"status-publish","4":"has-post-thumbnail","6":"product_cat-edelsteine","7":"product_cat-edelsteine-a-z","8":"product_cat-edelsteine-nach-farben","9":"product_cat-handschmeichler-transparent","10":"product_cat-heilsteine","11":"product_cat-heilsteine-nach-farben","12":"product_cat-kristalle","13":"product_cat-kristalle-geschliffen","14":"product_cat-neu-im-shop","15":"product_cat-steinbock-22-12-20-01","16":"product_cat-steine-mit-b","17":"product_cat-transparent","18":"product_cat-transparente-heilsteine","19":"product_shipping_class-paket","20":"post-wrapper","21":"thrv_wrapper","23":"first","24":"instock","25":"taxable","26":"shipping-taxable","27":"purchasable","28":"product-type-variable"},"jetpack_sharing_enabled":true,"_links":{"self":[{"href":"https:\/\/www.ina-wissmann.de\/shop\/wp-json\/wp\/v2\/product\/13658","targetHints":{"allow":["GET"]}}],"collection":[{"href":"https:\/\/www.ina-wissmann.de\/shop\/wp-json\/wp\/v2\/product"}],"about":[{"href":"https:\/\/www.ina-wissmann.de\/shop\/wp-json\/wp\/v2\/types\/product"}],"replies":[{"embeddable":true,"href":"https:\/\/www.ina-wissmann.de\/shop\/wp-json\/wp\/v2\/comments?post=13658"}],"wp:featuredmedia":[{"embeddable":true,"href":"https:\/\/www.ina-wissmann.de\/shop\/wp-json\/wp\/v2\/media\/13363"}],"wp:attachment":[{"href":"https:\/\/www.ina-wissmann.de\/shop\/wp-json\/wp\/v2\/media?parent=13658"}],"wp:term":[{"taxonomy":"product_brand","embeddable":true,"href":"https:\/\/www.ina-wissmann.de\/shop\/wp-json\/wp\/v2\/product_brand?post=13658"},{"taxonomy":"product_cat","embeddable":true,"href":"https:\/\/www.ina-wissmann.de\/shop\/wp-json\/wp\/v2\/product_cat?post=13658"},{"taxonomy":"product_tag","embeddable":true,"href":"https:\/\/www.ina-wissmann.de\/shop\/wp-json\/wp\/v2\/product_tag?post=13658"}],"curies":[{"name":"wp","href":"https:\/\/api.w.org\/{rel}","templated":true}]}}