{"id":13635,"date":"2024-11-21T15:52:05","date_gmt":"2024-11-21T14:52:05","guid":{"rendered":"https:\/\/www.ina-wissmann.de\/shop\/?post_type=product&#038;p=13635"},"modified":"2025-03-02T15:28:47","modified_gmt":"2025-03-02T14:28:47","slug":"bergkristall-splitterarmband","status":"publish","type":"product","link":"https:\/\/www.ina-wissmann.de\/shop\/produkt\/bergkristall-splitterarmband\/","title":{"rendered":"Bergkristall Splitterarmband"},"content":{"rendered":"<h4>Lieferumfang:<\/h4>\n<p>Bei Bestellung bekommst du genau dieses abgebildete Armband.<\/p>\n<h4>Steine sind ein Naturprodukt<\/h4>\n<p>Edelsteine sind ein Naturprodukt und k\u00f6nnen Farbabweichungen und nat\u00fcrliche Risse an der Oberfl\u00e4che haben. Dies ist unvermeidlich, da nat\u00fcrlich entstanden. Trotz sorgf\u00e4ltiger Schleifarbeit kommt es zu unterschiedlichen Oberfl\u00e4chen und Polituren. Bitte ber\u00fccksichtige das bei deinem Einkauf. Du erwirbst ein Naturprodukt, wo keines so ist, wie das andere! <em><img decoding=\"async\" class=\"size-full\" src=\"https:\/\/www.ina-wissmann.de\/shop\/wp-content\/uploads\/2021\/06\/SHop-Produkt-Anwender-Tipp-Bild.jpg\" alt=\"width=200\" height=\"200\" \/><\/em> \u00a0 \u00a0 Mit dem Bergkristall kommst du in die Klarheit!<\/p>\n","protected":false},"excerpt":{"rendered":"<h3>Beschreibung:<\/h3>\n<p>Bergkristall Splitterarmband Bedeutung:<\/p>\n<p class=\"tve-droppable\"><span data-css=\"tve-u-18e43d2be4f\">Der Bergkristall sorgt f\u00fcr Klarheit und Neutralit\u00e4t. Gerade in diesen Zeiten ist es wichtig, klar zu sehen und sich nicht von Meinungsmachern mitziehen zu lassen, sondern selbst zu analysieren und einen klaren Standpunkt einzunehmen. <\/span><span data-css=\"tve-u-18e43d2be52\">Er gibt Energie und hilft, deinem Seelenwunsch n\u00e4her zu kommen. <\/span><\/p>\n<p class=\"tve-droppable\"><span data-css=\"tve-u-18697467dff\">Kristalle helfen dir, energetische Blockaden in deinem System aufzusp\u00fcren und zu beseitigen, damit die Energie wieder reibungslos durch deinen K\u00f6rper flie\u00dfen kann. <\/span><\/p>\n","protected":false},"featured_media":16204,"comment_status":"open","ping_status":"closed","template":"","meta":[],"product_brand":[],"product_cat":[262,263,305,317,377,281,172],"product_tag":[],"class_list":{"0":"post-13635","1":"product","2":"type-product","3":"status-publish","4":"has-post-thumbnail","6":"product_cat-edelsteine","7":"product_cat-edelsteine-a-z","8":"product_cat-heilsteine","9":"product_cat-heilsteine-nach-farben","10":"product_cat-neu-im-shop","11":"product_cat-steinbock-22-12-20-01","12":"product_cat-transparent","13":"product_shipping_class-paket","14":"post-wrapper","15":"thrv_wrapper","17":"first","18":"instock","19":"taxable","20":"shipping-taxable","21":"purchasable","22":"product-type-simple"},"jetpack_sharing_enabled":true,"_links":{"self":[{"href":"https:\/\/www.ina-wissmann.de\/shop\/wp-json\/wp\/v2\/product\/13635","targetHints":{"allow":["GET"]}}],"collection":[{"href":"https:\/\/www.ina-wissmann.de\/shop\/wp-json\/wp\/v2\/product"}],"about":[{"href":"https:\/\/www.ina-wissmann.de\/shop\/wp-json\/wp\/v2\/types\/product"}],"replies":[{"embeddable":true,"href":"https:\/\/www.ina-wissmann.de\/shop\/wp-json\/wp\/v2\/comments?post=13635"}],"wp:featuredmedia":[{"embeddable":true,"href":"https:\/\/www.ina-wissmann.de\/shop\/wp-json\/wp\/v2\/media\/16204"}],"wp:attachment":[{"href":"https:\/\/www.ina-wissmann.de\/shop\/wp-json\/wp\/v2\/media?parent=13635"}],"wp:term":[{"taxonomy":"product_brand","embeddable":true,"href":"https:\/\/www.ina-wissmann.de\/shop\/wp-json\/wp\/v2\/product_brand?post=13635"},{"taxonomy":"product_cat","embeddable":true,"href":"https:\/\/www.ina-wissmann.de\/shop\/wp-json\/wp\/v2\/product_cat?post=13635"},{"taxonomy":"product_tag","embeddable":true,"href":"https:\/\/www.ina-wissmann.de\/shop\/wp-json\/wp\/v2\/product_tag?post=13635"}],"curies":[{"name":"wp","href":"https:\/\/api.w.org\/{rel}","templated":true}]}}