{"id":13497,"date":"2024-11-21T15:51:50","date_gmt":"2024-11-21T14:51:50","guid":{"rendered":"https:\/\/www.ina-wissmann.de\/shop\/?post_type=product&#038;p=13497"},"modified":"2025-03-02T15:28:53","modified_gmt":"2025-03-02T14:28:53","slug":"bergkristall-herz-klar-5cm","status":"publish","type":"product","link":"https:\/\/www.ina-wissmann.de\/shop\/produkt\/bergkristall-herz-klar-5cm\/","title":{"rendered":"Bergkristall Herz klar 5cm"},"content":{"rendered":"<h4>Herkunft:<\/h4>\n<p> Madagaskar  <strong>Lieferumfang: <\/strong>  Bei Bestellung bekommst du einen der abgebildeten Steine. <\/p>\n<h4>Steine sind ein Naturprodukt<\/h4>\n<p> Edelsteine sind ein Naturprodukt und k\u00f6nnen Farbabweichungen und nat\u00fcrliche Risse an der Oberfl\u00e4che haben. Dies ist unvermeidlich, da nat\u00fcrlich entstanden. Trotz sorgf\u00e4ltiger Schleifarbeit kommt es zu unterschiedlichen Oberfl\u00e4chen und Polituren. Bitte ber\u00fccksichtige das bei deinem Einkauf. Du erwirbst ein Naturprodukt, wo keines so ist, wie das andere!  Bergkristall entsteht aus Kiesels\u00e4ure. Wenn er sch\u00f6n klar ist, st\u00e4rkt er den Geist und unterst\u00fctzt dich in der Meditation, den Fokus zu halten.  <em><img class=size-full wp-image-7409 alignleft src=https:\/\/www.ina-wissmann.de\/shop\/wp-content\/uploads\/2021\/06\/SHop-Produkt-Anwender-Tipp-Bild.jpg alt= width=200 height=200 \/><\/em>  &nbsp;  &nbsp;  Der Bergkristall sorgt f\u00fcr Klarheit!<\/p>\n","protected":false},"excerpt":{"rendered":"<h3>Beschreibung:<\/h3>\n<p> Bergkristall Herz 5cm, sch\u00f6n klar mit wenige Einschl\u00fcssen. Ideal als Handschmeichler. <\/p>\n<h3>Bedeutung:<\/h3>\n<p> Bergkristall steht f\u00fcr Klarheit und Neutralit\u00e4t. Er gibt Energie und kl\u00e4rt dein Schwingungssystem.  &nbsp;<\/p>\n","protected":false},"featured_media":13324,"comment_status":"open","ping_status":"open","template":"","meta":[],"product_brand":[],"product_cat":[262,263,377,281,172],"product_tag":[],"class_list":{"0":"post-13497","1":"product","2":"type-product","3":"status-publish","4":"has-post-thumbnail","6":"product_cat-edelsteine","7":"product_cat-edelsteine-a-z","8":"product_cat-neu-im-shop","9":"product_cat-steinbock-22-12-20-01","10":"product_cat-transparent","11":"product_shipping_class-paket","12":"post-wrapper","13":"thrv_wrapper","15":"first","16":"instock","17":"taxable","18":"shipping-taxable","19":"purchasable","20":"product-type-simple"},"jetpack_sharing_enabled":true,"_links":{"self":[{"href":"https:\/\/www.ina-wissmann.de\/shop\/wp-json\/wp\/v2\/product\/13497","targetHints":{"allow":["GET"]}}],"collection":[{"href":"https:\/\/www.ina-wissmann.de\/shop\/wp-json\/wp\/v2\/product"}],"about":[{"href":"https:\/\/www.ina-wissmann.de\/shop\/wp-json\/wp\/v2\/types\/product"}],"replies":[{"embeddable":true,"href":"https:\/\/www.ina-wissmann.de\/shop\/wp-json\/wp\/v2\/comments?post=13497"}],"wp:featuredmedia":[{"embeddable":true,"href":"https:\/\/www.ina-wissmann.de\/shop\/wp-json\/wp\/v2\/media\/13324"}],"wp:attachment":[{"href":"https:\/\/www.ina-wissmann.de\/shop\/wp-json\/wp\/v2\/media?parent=13497"}],"wp:term":[{"taxonomy":"product_brand","embeddable":true,"href":"https:\/\/www.ina-wissmann.de\/shop\/wp-json\/wp\/v2\/product_brand?post=13497"},{"taxonomy":"product_cat","embeddable":true,"href":"https:\/\/www.ina-wissmann.de\/shop\/wp-json\/wp\/v2\/product_cat?post=13497"},{"taxonomy":"product_tag","embeddable":true,"href":"https:\/\/www.ina-wissmann.de\/shop\/wp-json\/wp\/v2\/product_tag?post=13497"}],"curies":[{"name":"wp","href":"https:\/\/api.w.org\/{rel}","templated":true}]}}