{"id":12950,"date":"2024-02-26T18:30:27","date_gmt":"2024-02-26T17:30:27","guid":{"rendered":"https:\/\/www.ina-wissmann.de\/shop\/?post_type=product&#038;p=12950"},"modified":"2024-11-20T22:25:25","modified_gmt":"2024-11-20T21:25:25","slug":"apatit-gelb-rohkristall-anhaenger-gr-l","status":"publish","type":"product","link":"https:\/\/www.ina-wissmann.de\/shop\/produkt\/apatit-gelb-rohkristall-anhaenger-gr-l\/","title":{"rendered":"Apatit gelb Rohkristall mit Stift\u00f6se 925erSilber Gr.L"},"content":{"rendered":"<p>Gelber Apatitkristall-Anh\u00e4nger mit Stift\u00f6se Silber Gr.L ca. 2cm ohne \u00d6se<\/p>\n","protected":false},"excerpt":{"rendered":"<p>H\u00fcbsche kleine, ca. 2cm lange (ohne \u00d6se) gelbe Apatitanh\u00e4nger Gr. L<br \/>\nPassend an 1,2mm Ziegenlederb\u00e4nder oder Schlangenketten<\/p>\n<p>Gelber Apatit bringt Tatkraft &#038; neuenn Schwung ins Leben, gibt Antrieb und l\u00e4sst die Sonne aus deinem Solarplexus strahlen.<\/p>\n","protected":false},"featured_media":12935,"comment_status":"open","ping_status":"closed","template":"","meta":[],"product_brand":[],"product_cat":[262,691,194,263,636,275,271,272,175,320,305,317,752,698,639],"product_tag":[],"class_list":{"0":"post-12950","1":"product","2":"type-product","3":"status-publish","4":"has-post-thumbnail","6":"product_cat-edelsteine","7":"product_cat-anhaenger","8":"product_cat-anhaenger-gelb","9":"product_cat-edelsteine-a-z","10":"product_cat-edelsteine-nach-farben","11":"product_cat-fische-20-02-20-03","12":"product_cat-geburtssteine","13":"product_cat-geburtssteine-nach-sternzeichen","14":"product_cat-gelbe-heilsteine-kaufen","15":"product_cat-gelbe-heilsteine","16":"product_cat-heilsteine","17":"product_cat-heilsteine-nach-farben","18":"product_cat-schmuck","19":"product_cat-solarplexuschakra","20":"product_cat-steine-mit-f","21":"post-wrapper","22":"thrv_wrapper","24":"first","25":"instock","26":"taxable","27":"shipping-taxable","28":"purchasable","29":"product-type-simple"},"jetpack_sharing_enabled":true,"_links":{"self":[{"href":"https:\/\/www.ina-wissmann.de\/shop\/wp-json\/wp\/v2\/product\/12950","targetHints":{"allow":["GET"]}}],"collection":[{"href":"https:\/\/www.ina-wissmann.de\/shop\/wp-json\/wp\/v2\/product"}],"about":[{"href":"https:\/\/www.ina-wissmann.de\/shop\/wp-json\/wp\/v2\/types\/product"}],"replies":[{"embeddable":true,"href":"https:\/\/www.ina-wissmann.de\/shop\/wp-json\/wp\/v2\/comments?post=12950"}],"wp:featuredmedia":[{"embeddable":true,"href":"https:\/\/www.ina-wissmann.de\/shop\/wp-json\/wp\/v2\/media\/12935"}],"wp:attachment":[{"href":"https:\/\/www.ina-wissmann.de\/shop\/wp-json\/wp\/v2\/media?parent=12950"}],"wp:term":[{"taxonomy":"product_brand","embeddable":true,"href":"https:\/\/www.ina-wissmann.de\/shop\/wp-json\/wp\/v2\/product_brand?post=12950"},{"taxonomy":"product_cat","embeddable":true,"href":"https:\/\/www.ina-wissmann.de\/shop\/wp-json\/wp\/v2\/product_cat?post=12950"},{"taxonomy":"product_tag","embeddable":true,"href":"https:\/\/www.ina-wissmann.de\/shop\/wp-json\/wp\/v2\/product_tag?post=12950"}],"curies":[{"name":"wp","href":"https:\/\/api.w.org\/{rel}","templated":true}]}}