{"id":12506,"date":"2024-11-21T15:54:41","date_gmt":"2024-11-21T14:54:41","guid":{"rendered":"https:\/\/www.ina-wissmann.de\/shop\/?post_type=product&#038;p=12506"},"modified":"2024-12-13T16:40:34","modified_gmt":"2024-12-13T15:40:34","slug":"luxullianit-trommelstein-gr-xl","status":"publish","type":"product","link":"https:\/\/www.ina-wissmann.de\/shop\/produkt\/luxullianit-trommelstein-gr-xl\/","title":{"rendered":"Luxullianit Trommelstein Gr.XL"},"content":{"rendered":"<p>Luxullianit Trommelstein Gr.XL<\/p>\n","protected":false},"excerpt":{"rendered":"<p>Luxullianit Handschmeichler, Granit aus Cornwall in England, selten  Bei dieser Rarit\u00e4t handelt es sich um orangen Granit mit schwarzem Turmalin. Er steht f\u00fcr Schutz und Erdung und unterst\u00fctzt uns in Krisenzeiten und tiefen \u00c4ngsten.<\/p>\n","protected":false},"featured_media":12507,"comment_status":"open","ping_status":"open","template":"","meta":[],"product_brand":[],"product_cat":[262,263,305,317,176,184],"product_tag":[],"class_list":{"0":"post-12506","1":"product","2":"type-product","3":"status-publish","4":"has-post-thumbnail","6":"product_cat-edelsteine","7":"product_cat-edelsteine-a-z","8":"product_cat-heilsteine","9":"product_cat-heilsteine-nach-farben","10":"product_cat-orange-heilsteine-kaufen-hebt-die-stimmung-und-macht-froehlich","11":"product_cat-schwarz","12":"product_shipping_class-paket","13":"post-wrapper","14":"thrv_wrapper","16":"first","17":"instock","18":"taxable","19":"shipping-taxable","20":"purchasable","21":"product-type-simple"},"jetpack_sharing_enabled":true,"_links":{"self":[{"href":"https:\/\/www.ina-wissmann.de\/shop\/wp-json\/wp\/v2\/product\/12506","targetHints":{"allow":["GET"]}}],"collection":[{"href":"https:\/\/www.ina-wissmann.de\/shop\/wp-json\/wp\/v2\/product"}],"about":[{"href":"https:\/\/www.ina-wissmann.de\/shop\/wp-json\/wp\/v2\/types\/product"}],"replies":[{"embeddable":true,"href":"https:\/\/www.ina-wissmann.de\/shop\/wp-json\/wp\/v2\/comments?post=12506"}],"wp:featuredmedia":[{"embeddable":true,"href":"https:\/\/www.ina-wissmann.de\/shop\/wp-json\/wp\/v2\/media\/12507"}],"wp:attachment":[{"href":"https:\/\/www.ina-wissmann.de\/shop\/wp-json\/wp\/v2\/media?parent=12506"}],"wp:term":[{"taxonomy":"product_brand","embeddable":true,"href":"https:\/\/www.ina-wissmann.de\/shop\/wp-json\/wp\/v2\/product_brand?post=12506"},{"taxonomy":"product_cat","embeddable":true,"href":"https:\/\/www.ina-wissmann.de\/shop\/wp-json\/wp\/v2\/product_cat?post=12506"},{"taxonomy":"product_tag","embeddable":true,"href":"https:\/\/www.ina-wissmann.de\/shop\/wp-json\/wp\/v2\/product_tag?post=12506"}],"curies":[{"name":"wp","href":"https:\/\/api.w.org\/{rel}","templated":true}]}}