{"id":12319,"date":"2024-11-21T15:53:29","date_gmt":"2024-11-21T14:53:29","guid":{"rendered":"https:\/\/www.ina-wissmann.de\/shop\/produkt\/dalmatinerstein-gebohrt-gr-l\/"},"modified":"2024-12-13T16:40:05","modified_gmt":"2024-12-13T15:40:05","slug":"dalmatinerstein-gebohrt-gr-l","status":"publish","type":"product","link":"https:\/\/www.ina-wissmann.de\/shop\/produkt\/dalmatinerstein-gebohrt-gr-l\/","title":{"rendered":"Dalmatinerstein gebohrt Gr. L"},"content":{"rendered":"<p><strong>Dalmatinerstein \u2013 Der Stein f\u00fcr Reflexion <\/strong>Der Dalmatinerstein ist ein h\u00fcbscher Heilstein, der f\u00fcr seine aufbauenden und st\u00e4rkenden Eigenschaften bekannt ist. Seine einzigartige Musterung l\u00e4sst ihn aus der bunten Masse auffallen.  <strong>Beschreibung <\/strong>Der Dalmatinerstein ist beige bis hellbraun und hat schwarze Flecken, die an das Fell eines Dalmatiners erinnern.  <strong>Wirkung und Anwendung <\/strong>Der Dalmatinerstein hilft dir, \u00fcber Reflexion in den emotionalen Ausgleich zu kommen. Das kann zu mehr Lebensfreude und Optimismus f\u00fchren und negative Energien vertreiben.  <strong>Pflege und Reinigung <\/strong>Diese Steine ben\u00f6tigen eine regelm\u00e4\u00dfige Reinigung, wie alle Steine. Um seine energetischen Eigenschaften zu verst\u00e4rken, kannst du ihn gelegentlich unter flie\u00dfendem Wasser absp\u00fclen, um seine Schwingungen auszugleichen und ihn anschlie\u00dfend auf eine Amethystdruse legen, um die aufgenommenen Fremdinformationen zu l\u00f6schen.  <strong>Chakra-Zuordnung und Sternzeichen <\/strong>Der Dalmatinerstein harmonisiert das Wurzelchakra und ist besonders hilfreich f\u00fcr das Sternzeichen Jungfrau.  <strong>Meine pers\u00f6nliche Empfehlung <\/strong>Ich trage gern einen Dalmatinerstein in der Hosentasche, um mich an die guten Dinge und positive Ereignisse zu Erinnern. Es zaubert mir ein L\u00e4cheln ins Gesicht und l\u00e4sst mich zuversichtlich meinen Weg gehen.  <strong>Kundenstimmen <\/strong>Seit ich meinen Dalmatinerstein trage, f\u00fchle ich mich gl\u00fccklicher und voller Energie. Lena K.<\/p>\n","protected":false},"excerpt":{"rendered":"<p>Dalmatinerstein Trommelstein gebohrt Gr. L  Der Dalmatinerswtein steht f\u00fcr Reflextion. Er wirkt st\u00e4rkend, aufbauend und emotional ausgleichend. Er regt an, Vorhaben gut zu durchdenken, gr\u00fcndlich zu reflektieren und dann tatkr\u00e4ftig umzusetzen.<\/p>\n","protected":false},"featured_media":9915,"comment_status":"open","ping_status":"open","template":"","meta":[],"product_brand":[],"product_cat":[262,263,305,317,184,174],"product_tag":[],"class_list":{"0":"post-12319","1":"product","2":"type-product","3":"status-publish","4":"has-post-thumbnail","6":"product_cat-edelsteine","7":"product_cat-edelsteine-a-z","8":"product_cat-heilsteine","9":"product_cat-heilsteine-nach-farben","10":"product_cat-schwarz","11":"product_cat-weiss","12":"product_shipping_class-paket","13":"post-wrapper","14":"thrv_wrapper","16":"first","17":"instock","18":"taxable","19":"shipping-taxable","20":"purchasable","21":"product-type-simple"},"jetpack_sharing_enabled":true,"_links":{"self":[{"href":"https:\/\/www.ina-wissmann.de\/shop\/wp-json\/wp\/v2\/product\/12319","targetHints":{"allow":["GET"]}}],"collection":[{"href":"https:\/\/www.ina-wissmann.de\/shop\/wp-json\/wp\/v2\/product"}],"about":[{"href":"https:\/\/www.ina-wissmann.de\/shop\/wp-json\/wp\/v2\/types\/product"}],"replies":[{"embeddable":true,"href":"https:\/\/www.ina-wissmann.de\/shop\/wp-json\/wp\/v2\/comments?post=12319"}],"wp:featuredmedia":[{"embeddable":true,"href":"https:\/\/www.ina-wissmann.de\/shop\/wp-json\/wp\/v2\/media\/9915"}],"wp:attachment":[{"href":"https:\/\/www.ina-wissmann.de\/shop\/wp-json\/wp\/v2\/media?parent=12319"}],"wp:term":[{"taxonomy":"product_brand","embeddable":true,"href":"https:\/\/www.ina-wissmann.de\/shop\/wp-json\/wp\/v2\/product_brand?post=12319"},{"taxonomy":"product_cat","embeddable":true,"href":"https:\/\/www.ina-wissmann.de\/shop\/wp-json\/wp\/v2\/product_cat?post=12319"},{"taxonomy":"product_tag","embeddable":true,"href":"https:\/\/www.ina-wissmann.de\/shop\/wp-json\/wp\/v2\/product_tag?post=12319"}],"curies":[{"name":"wp","href":"https:\/\/api.w.org\/{rel}","templated":true}]}}