{"id":11960,"date":"2023-06-28T14:59:47","date_gmt":"2023-06-28T12:59:47","guid":{"rendered":"https:\/\/www.ina-wissmann.de\/shop\/?post_type=product&#038;p=11960"},"modified":"2024-11-21T18:54:09","modified_gmt":"2024-11-21T17:54:09","slug":"fitnessmischung-wasserenergetisierung","status":"publish","type":"product","link":"https:\/\/www.ina-wissmann.de\/shop\/produkt\/fitnessmischung-wasserenergetisierung\/","title":{"rendered":"Edelsteinset zur Wasserenergetisierung &#8211; Fitnessmischung"},"content":{"rendered":"<p>Die Fitnessmischung besteht aus Bergkristall, Magnesit und rotem Jaspis. Die perfekte Mischung, um den &#8220;Schweinehund&#8221; zu \u00fcberwinden und sich mehr zu bewegen.<\/p>\n<p>Der Bergkristall unterst\u00fctzt dich, mehr Klarheit zu gewinnen und fokussiert zu sein, der Magnesit bringt mehr Muskelentspannung und nicht zuletzt der rote Jaspis, der Mut und Durchsetzungskraft verleiht, dinge in die Tat umzusetzen. In Bezug auf die t\u00e4gliche Ration Sport ein ganz passender Antrieb.<\/p>\n","protected":false},"excerpt":{"rendered":"<p>Du erh\u00e4ltst mit dieser Mischung ca. 100g Edelsteine, die du in deine Wasserkaraffe geben kannst, um regelm\u00e4\u00dfig frisches und weiches sehr bek\u00f6mmliches Wasser selbst herzustellen.<br \/>\nAuf diese Weise energetisiertes Wasser bringt mehr Klarheit in deinem Tun wie oben beschrieben und es schmeckt frisch und belebt.<\/p>\n<p>Eine Beschreibung, wie du die Steine anwenden kannst, liegt dem Set bei.<\/p>\n","protected":false},"featured_media":7350,"comment_status":"open","ping_status":"closed","template":"","meta":[],"product_brand":[],"product_cat":[262,310,293,769,295],"product_tag":[],"class_list":{"0":"post-11960","1":"product","2":"type-product","3":"status-publish","4":"has-post-thumbnail","6":"product_cat-edelsteine","7":"product_cat-edelsteine-sets","8":"product_cat-edelsteine-zur-wasserenergetisierung","9":"product_cat-harmonie-entspannung","10":"product_cat-wasserenergetisierung-steine","11":"product_shipping_class-paket","12":"post-wrapper","13":"thrv_wrapper","15":"first","16":"instock","17":"taxable","18":"shipping-taxable","19":"purchasable","20":"product-type-simple"},"jetpack_sharing_enabled":true,"_links":{"self":[{"href":"https:\/\/www.ina-wissmann.de\/shop\/wp-json\/wp\/v2\/product\/11960","targetHints":{"allow":["GET"]}}],"collection":[{"href":"https:\/\/www.ina-wissmann.de\/shop\/wp-json\/wp\/v2\/product"}],"about":[{"href":"https:\/\/www.ina-wissmann.de\/shop\/wp-json\/wp\/v2\/types\/product"}],"replies":[{"embeddable":true,"href":"https:\/\/www.ina-wissmann.de\/shop\/wp-json\/wp\/v2\/comments?post=11960"}],"wp:featuredmedia":[{"embeddable":true,"href":"https:\/\/www.ina-wissmann.de\/shop\/wp-json\/wp\/v2\/media\/7350"}],"wp:attachment":[{"href":"https:\/\/www.ina-wissmann.de\/shop\/wp-json\/wp\/v2\/media?parent=11960"}],"wp:term":[{"taxonomy":"product_brand","embeddable":true,"href":"https:\/\/www.ina-wissmann.de\/shop\/wp-json\/wp\/v2\/product_brand?post=11960"},{"taxonomy":"product_cat","embeddable":true,"href":"https:\/\/www.ina-wissmann.de\/shop\/wp-json\/wp\/v2\/product_cat?post=11960"},{"taxonomy":"product_tag","embeddable":true,"href":"https:\/\/www.ina-wissmann.de\/shop\/wp-json\/wp\/v2\/product_tag?post=11960"}],"curies":[{"name":"wp","href":"https:\/\/api.w.org\/{rel}","templated":true}]}}