{"id":11920,"date":"2023-05-24T11:06:26","date_gmt":"2023-05-24T09:06:26","guid":{"rendered":"https:\/\/www.ina-wissmann.de\/shop\/?post_type=product&#038;p=11920"},"modified":"2024-01-31T16:06:45","modified_gmt":"2024-01-31T15:06:45","slug":"hvb-steineset","status":"publish","type":"product","link":"https:\/\/www.ina-wissmann.de\/shop\/produkt\/hvb-steineset\/","title":{"rendered":"Hildegard von Bingen Steineset"},"content":{"rendered":"<h4>Beschreibung:<\/h4>\n<p>Steineset aus den 24 Steinen der Hildegard von Bingen.<\/p>\n<p>Die Steine sind alle in guter Qualit\u00e4t und handlicher Gr\u00f6\u00dfe von ca. 2-3cm bis auf einige Ausnahmen. Mit Bestellung der Steine bekommst du eine bebilderte Erkl\u00e4rung, welcher Steine wohin zuzuordnen ist. Anhand der Beschreibung kannst du die Steine zuordnen und unterscheiden.<\/p>\n<p>Aufgrund der Gr\u00f6\u00dfe &amp; Qualit\u00e4t der Steine ist das Set recht hochpreisig. Gerne stelle ich dir ein Set mit kleineren, preisg\u00fcnstigeren Steinen zusammen, wenn du das w\u00fcnscht. Die Zusammenstellung ist nicht mit Mehrkosten verbunden. Schreib mich dazu einfach unter &#115;&#x74;&#x65;&#105;&#x6e;&#x65;&#64;&#x69;&#x6e;&#97;&#x2d;&#x77;&#105;&#x73;&#x73;&#109;&#x61;&#x6e;&#110;&#x2e;&#x64;&#101; an, dann kann ich dir einen Preis senden.<br \/>\nMeine Empfehlung ist jedoch dieses Set, wenn du die Steine auch anwenden m\u00f6chtest.<\/p>\n<p>Hildegard von Bingen hat bereits vor vielen Jahren die Heilwirkungen der Steine erkannt, erprobt und dokumentiert. F\u00fcr jede Stunde des Tages hat sie einen Stein zugeordnet, der das zu der Zeit aktive Organ unterst\u00fctzen kann.<\/p>\n<p><img decoding=\"async\" class=\"size-full wp-image-7437 alignleft\" src=\"https:\/\/www.ina-wissmann.de\/shop\/wp-content\/uploads\/2020\/09\/Produkt-Tipp-Bild.png\" alt=\"Anwender Tipp f\u00fcr Produkte\" width=\"200\" height=\"200\" srcset=\"https:\/\/www.ina-wissmann.de\/shop\/wp-content\/uploads\/2020\/09\/Produkt-Tipp-Bild.png 200w, https:\/\/www.ina-wissmann.de\/shop\/wp-content\/uploads\/2020\/09\/Produkt-Tipp-Bild-150x150.png 150w, https:\/\/www.ina-wissmann.de\/shop\/wp-content\/uploads\/2020\/09\/Produkt-Tipp-Bild-100x100.png 100w\" sizes=\"(max-width: 200px) 100vw, 200px\" \/>Mit diesem Steine-Set hast du alle 24 &#8220;Hildegard-Steine&#8221; zusammen und kannst sie ausprobieren. Zu jeder anfallenden Problematik im Tagesrhythmus ist der passende Stein dann griffbereit!<\/p>\n","protected":false},"excerpt":{"rendered":"<p>Steineset aus den 24 Steinen der Hildegard von Bingen.<\/p>\n","protected":false},"featured_media":11922,"comment_status":"open","ping_status":"closed","template":"","meta":[],"product_brand":[],"product_cat":[181,319,262,263,636,310,204,305,317,640,651],"product_tag":[],"class_list":{"0":"post-11920","1":"product","2":"type-product","3":"status-publish","4":"has-post-thumbnail","6":"product_cat-bunt","7":"product_cat-bunte-heilsteine","8":"product_cat-edelsteine","9":"product_cat-edelsteine-a-z","10":"product_cat-edelsteine-nach-farben","11":"product_cat-edelsteine-sets","12":"product_cat-handschmeichler-bunt","13":"product_cat-heilsteine","14":"product_cat-heilsteine-nach-farben","15":"product_cat-steine-mit-h","16":"product_cat-steine-mit-s","17":"product_shipping_class-paket","18":"post-wrapper","19":"thrv_wrapper","21":"first","22":"instock","23":"taxable","24":"shipping-taxable","25":"purchasable","26":"product-type-simple"},"jetpack_sharing_enabled":true,"_links":{"self":[{"href":"https:\/\/www.ina-wissmann.de\/shop\/wp-json\/wp\/v2\/product\/11920","targetHints":{"allow":["GET"]}}],"collection":[{"href":"https:\/\/www.ina-wissmann.de\/shop\/wp-json\/wp\/v2\/product"}],"about":[{"href":"https:\/\/www.ina-wissmann.de\/shop\/wp-json\/wp\/v2\/types\/product"}],"replies":[{"embeddable":true,"href":"https:\/\/www.ina-wissmann.de\/shop\/wp-json\/wp\/v2\/comments?post=11920"}],"wp:featuredmedia":[{"embeddable":true,"href":"https:\/\/www.ina-wissmann.de\/shop\/wp-json\/wp\/v2\/media\/11922"}],"wp:attachment":[{"href":"https:\/\/www.ina-wissmann.de\/shop\/wp-json\/wp\/v2\/media?parent=11920"}],"wp:term":[{"taxonomy":"product_brand","embeddable":true,"href":"https:\/\/www.ina-wissmann.de\/shop\/wp-json\/wp\/v2\/product_brand?post=11920"},{"taxonomy":"product_cat","embeddable":true,"href":"https:\/\/www.ina-wissmann.de\/shop\/wp-json\/wp\/v2\/product_cat?post=11920"},{"taxonomy":"product_tag","embeddable":true,"href":"https:\/\/www.ina-wissmann.de\/shop\/wp-json\/wp\/v2\/product_tag?post=11920"}],"curies":[{"name":"wp","href":"https:\/\/api.w.org\/{rel}","templated":true}]}}