{"id":11616,"date":"2024-11-21T15:53:14","date_gmt":"2024-11-21T14:53:14","guid":{"rendered":"https:\/\/www.ina-wissmann.de\/shop\/produkt\/chrysopras-anhaenger-flach-mit-stiftoese-silber\/"},"modified":"2025-05-24T09:18:35","modified_gmt":"2025-05-24T07:18:35","slug":"chrysopras-anhaenger-flach-gr-xl-mit-stiftoese-silber","status":"publish","type":"product","link":"https:\/\/www.ina-wissmann.de\/shop\/produkt\/chrysopras-anhaenger-flach-gr-xl-mit-stiftoese-silber\/","title":{"rendered":"Chrysopras Anh\u00e4nger flach Gr. XL mit Stift\u00f6se Silber"},"content":{"rendered":"","protected":false},"excerpt":{"rendered":"<p>Chrysopras Anh\u00e4nger flach mit Stift\u00f6se Silber Gr. XL &#8211; 4cm inkl. \u00d6se Der Chrysopras steht f\u00fcr Entgiftung. Er f\u00f6rdert Vertrauen und Geborgen\u00adheit Er hilft bei Liebeskummer, Eifersucht, Alptr\u00e4umen und Bezie\u00adhungs\u00adprobleme zu kl\u00e4ren.<\/p>\n","protected":false},"featured_media":16806,"comment_status":"open","ping_status":"closed","template":"","meta":[],"product_brand":[],"product_cat":[691,200,275,760,178,321,755,280,635,283],"product_tag":[],"class_list":{"0":"post-11616","1":"product","2":"type-product","3":"status-publish","4":"has-post-thumbnail","6":"product_cat-anhaenger","7":"product_cat-anhaenger-gruen","8":"product_cat-fische-20-02-20-03","9":"product_cat-xl","10":"product_cat-gruen","11":"product_cat-gruene-heilsteine","12":"product_cat-herzchakra","13":"product_cat-jungfrau-24-08-23-09","14":"product_cat-steine-mit-c","15":"product_cat-waage-24-09-23-10","16":"product_shipping_class-paket","17":"post-wrapper","18":"thrv_wrapper","20":"first","21":"instock","22":"taxable","23":"shipping-taxable","24":"purchasable","25":"product-type-simple"},"jetpack_sharing_enabled":true,"_links":{"self":[{"href":"https:\/\/www.ina-wissmann.de\/shop\/wp-json\/wp\/v2\/product\/11616","targetHints":{"allow":["GET"]}}],"collection":[{"href":"https:\/\/www.ina-wissmann.de\/shop\/wp-json\/wp\/v2\/product"}],"about":[{"href":"https:\/\/www.ina-wissmann.de\/shop\/wp-json\/wp\/v2\/types\/product"}],"replies":[{"embeddable":true,"href":"https:\/\/www.ina-wissmann.de\/shop\/wp-json\/wp\/v2\/comments?post=11616"}],"wp:featuredmedia":[{"embeddable":true,"href":"https:\/\/www.ina-wissmann.de\/shop\/wp-json\/wp\/v2\/media\/16806"}],"wp:attachment":[{"href":"https:\/\/www.ina-wissmann.de\/shop\/wp-json\/wp\/v2\/media?parent=11616"}],"wp:term":[{"taxonomy":"product_brand","embeddable":true,"href":"https:\/\/www.ina-wissmann.de\/shop\/wp-json\/wp\/v2\/product_brand?post=11616"},{"taxonomy":"product_cat","embeddable":true,"href":"https:\/\/www.ina-wissmann.de\/shop\/wp-json\/wp\/v2\/product_cat?post=11616"},{"taxonomy":"product_tag","embeddable":true,"href":"https:\/\/www.ina-wissmann.de\/shop\/wp-json\/wp\/v2\/product_tag?post=11616"}],"curies":[{"name":"wp","href":"https:\/\/api.w.org\/{rel}","templated":true}]}}