{"id":11281,"date":"2024-11-21T15:51:50","date_gmt":"2024-11-21T14:51:50","guid":{"rendered":"https:\/\/www.ina-wissmann.de\/shop\/produkt\/azuritkugel-anhaenger-mit-silberoese-gr-s\/"},"modified":"2024-12-13T16:39:37","modified_gmt":"2024-12-13T15:39:37","slug":"azuritkugel-anhaenger-mit-silberoese-gr-s","status":"publish","type":"product","link":"https:\/\/www.ina-wissmann.de\/shop\/produkt\/azuritkugel-anhaenger-mit-silberoese-gr-s\/","title":{"rendered":"Azuritkugel Anh\u00e4nger mit Silber\u00f6se Gr.S"},"content":{"rendered":"<p>Kleine Azuritk\u00fcgelchen gestiftet als Anh\u00e4nger, ganz zauberhaft<\/p>\n","protected":false},"excerpt":{"rendered":"<p>Azuritkugel Anh\u00e4nger mit Silber\u00f6se Gr.S<\/p>\n","protected":false},"featured_media":10787,"comment_status":"open","ping_status":"open","template":"","meta":[],"product_brand":[],"product_cat":[263,769],"product_tag":[],"class_list":{"0":"post-11281","1":"product","2":"type-product","3":"status-publish","4":"has-post-thumbnail","6":"product_cat-edelsteine-a-z","7":"product_cat-harmonie-entspannung","8":"product_shipping_class-paket","9":"post-wrapper","10":"thrv_wrapper","12":"first","13":"instock","14":"taxable","15":"shipping-taxable","16":"purchasable","17":"product-type-simple"},"jetpack_sharing_enabled":true,"_links":{"self":[{"href":"https:\/\/www.ina-wissmann.de\/shop\/wp-json\/wp\/v2\/product\/11281","targetHints":{"allow":["GET"]}}],"collection":[{"href":"https:\/\/www.ina-wissmann.de\/shop\/wp-json\/wp\/v2\/product"}],"about":[{"href":"https:\/\/www.ina-wissmann.de\/shop\/wp-json\/wp\/v2\/types\/product"}],"replies":[{"embeddable":true,"href":"https:\/\/www.ina-wissmann.de\/shop\/wp-json\/wp\/v2\/comments?post=11281"}],"wp:featuredmedia":[{"embeddable":true,"href":"https:\/\/www.ina-wissmann.de\/shop\/wp-json\/wp\/v2\/media\/10787"}],"wp:attachment":[{"href":"https:\/\/www.ina-wissmann.de\/shop\/wp-json\/wp\/v2\/media?parent=11281"}],"wp:term":[{"taxonomy":"product_brand","embeddable":true,"href":"https:\/\/www.ina-wissmann.de\/shop\/wp-json\/wp\/v2\/product_brand?post=11281"},{"taxonomy":"product_cat","embeddable":true,"href":"https:\/\/www.ina-wissmann.de\/shop\/wp-json\/wp\/v2\/product_cat?post=11281"},{"taxonomy":"product_tag","embeddable":true,"href":"https:\/\/www.ina-wissmann.de\/shop\/wp-json\/wp\/v2\/product_tag?post=11281"}],"curies":[{"name":"wp","href":"https:\/\/api.w.org\/{rel}","templated":true}]}}