{"id":11280,"date":"2024-11-21T15:53:29","date_gmt":"2024-11-21T14:53:29","guid":{"rendered":"https:\/\/www.ina-wissmann.de\/shop\/produkt\/diaspor-anhaenger-gebohrt-gr-xl-raritaet\/"},"modified":"2025-10-21T11:23:09","modified_gmt":"2025-10-21T09:23:09","slug":"diaspor-anhaenger-gebohrt-gr-xl-raritaet","status":"publish","type":"product","link":"https:\/\/www.ina-wissmann.de\/shop\/produkt\/diaspor-anhaenger-gebohrt-gr-xl-raritaet\/","title":{"rendered":"Diaspor Anh\u00e4nger gebohrt Gr.XL *RARIT\u00c4T*"},"content":{"rendered":"<p>Gro\u00dfer flacher Diaspor Rohkristall gebohrt als Anh\u00e4nger &#8211; ein Unikat und absolute Seltenheit. Meist gar nicht zu bekommen oder nur als kleine Kristall-Bruchst\u00fccke biete ich hier ein einmalig sch\u00f6nes St\u00fcck an.<\/p>\n","protected":false},"excerpt":{"rendered":"<p>Diaspor Anh\u00e4nger gebohrt Gr.XL *RARIT\u00c4T*<\/p>\n","protected":false},"featured_media":10823,"comment_status":"open","ping_status":"open","template":"","meta":[],"product_brand":[],"product_cat":[262,263,175,305,317],"product_tag":[],"class_list":{"0":"post-11280","1":"product","2":"type-product","3":"status-publish","4":"has-post-thumbnail","6":"product_cat-edelsteine","7":"product_cat-edelsteine-a-z","8":"product_cat-gelbe-heilsteine-kaufen","9":"product_cat-heilsteine","10":"product_cat-heilsteine-nach-farben","11":"product_shipping_class-paket","12":"post-wrapper","13":"thrv_wrapper","15":"first","16":"outofstock","17":"taxable","18":"shipping-taxable","19":"purchasable","20":"product-type-simple"},"jetpack_sharing_enabled":true,"_links":{"self":[{"href":"https:\/\/www.ina-wissmann.de\/shop\/wp-json\/wp\/v2\/product\/11280","targetHints":{"allow":["GET"]}}],"collection":[{"href":"https:\/\/www.ina-wissmann.de\/shop\/wp-json\/wp\/v2\/product"}],"about":[{"href":"https:\/\/www.ina-wissmann.de\/shop\/wp-json\/wp\/v2\/types\/product"}],"replies":[{"embeddable":true,"href":"https:\/\/www.ina-wissmann.de\/shop\/wp-json\/wp\/v2\/comments?post=11280"}],"wp:featuredmedia":[{"embeddable":true,"href":"https:\/\/www.ina-wissmann.de\/shop\/wp-json\/wp\/v2\/media\/10823"}],"wp:attachment":[{"href":"https:\/\/www.ina-wissmann.de\/shop\/wp-json\/wp\/v2\/media?parent=11280"}],"wp:term":[{"taxonomy":"product_brand","embeddable":true,"href":"https:\/\/www.ina-wissmann.de\/shop\/wp-json\/wp\/v2\/product_brand?post=11280"},{"taxonomy":"product_cat","embeddable":true,"href":"https:\/\/www.ina-wissmann.de\/shop\/wp-json\/wp\/v2\/product_cat?post=11280"},{"taxonomy":"product_tag","embeddable":true,"href":"https:\/\/www.ina-wissmann.de\/shop\/wp-json\/wp\/v2\/product_tag?post=11280"}],"curies":[{"name":"wp","href":"https:\/\/api.w.org\/{rel}","templated":true}]}}