{"id":11278,"date":"2024-11-21T15:52:05","date_gmt":"2024-11-21T14:52:05","guid":{"rendered":"https:\/\/www.ina-wissmann.de\/shop\/produkt\/bergkristall-naturkristall-anhaenger-gebohrt-gr-xl\/"},"modified":"2025-03-02T15:28:46","modified_gmt":"2025-03-02T14:28:46","slug":"bergkristall-naturkristall-anhaenger-gebohrt-gr-xl","status":"publish","type":"product","link":"https:\/\/www.ina-wissmann.de\/shop\/produkt\/bergkristall-naturkristall-anhaenger-gebohrt-gr-xl\/","title":{"rendered":"Bergkristall Naturkristall Anh\u00e4nger gebohrt Gr.XL"},"content":{"rendered":"<p>Bergkristall steht f\u00fcr Klarheit &amp; Neutralit\u00e4t. Ein Bergkristall st\u00e4rkt und gibt Energie. In der Meditation eingesetzt oder auch bei dir getragen kl\u00e4rt er den Geist. Er verbessert die Wahrnehmung und st\u00e4rkt den Energieflu\u00df.  &nbsp;<\/p>\n","protected":false},"excerpt":{"rendered":"<p>Bergkristall Naturkristall Anh\u00e4nger gebohrt Gr.XL<\/p>\n","protected":false},"featured_media":10802,"comment_status":"open","ping_status":"open","template":"","meta":[],"product_brand":[],"product_cat":[262,263,271,305,317,281,172],"product_tag":[],"class_list":{"0":"post-11278","1":"product","2":"type-product","3":"status-publish","4":"has-post-thumbnail","6":"product_cat-edelsteine","7":"product_cat-edelsteine-a-z","8":"product_cat-geburtssteine","9":"product_cat-heilsteine","10":"product_cat-heilsteine-nach-farben","11":"product_cat-steinbock-22-12-20-01","12":"product_cat-transparent","13":"product_shipping_class-paket","14":"post-wrapper","15":"thrv_wrapper","17":"first","18":"instock","19":"taxable","20":"shipping-taxable","21":"purchasable","22":"product-type-simple"},"jetpack_sharing_enabled":true,"_links":{"self":[{"href":"https:\/\/www.ina-wissmann.de\/shop\/wp-json\/wp\/v2\/product\/11278","targetHints":{"allow":["GET"]}}],"collection":[{"href":"https:\/\/www.ina-wissmann.de\/shop\/wp-json\/wp\/v2\/product"}],"about":[{"href":"https:\/\/www.ina-wissmann.de\/shop\/wp-json\/wp\/v2\/types\/product"}],"replies":[{"embeddable":true,"href":"https:\/\/www.ina-wissmann.de\/shop\/wp-json\/wp\/v2\/comments?post=11278"}],"wp:featuredmedia":[{"embeddable":true,"href":"https:\/\/www.ina-wissmann.de\/shop\/wp-json\/wp\/v2\/media\/10802"}],"wp:attachment":[{"href":"https:\/\/www.ina-wissmann.de\/shop\/wp-json\/wp\/v2\/media?parent=11278"}],"wp:term":[{"taxonomy":"product_brand","embeddable":true,"href":"https:\/\/www.ina-wissmann.de\/shop\/wp-json\/wp\/v2\/product_brand?post=11278"},{"taxonomy":"product_cat","embeddable":true,"href":"https:\/\/www.ina-wissmann.de\/shop\/wp-json\/wp\/v2\/product_cat?post=11278"},{"taxonomy":"product_tag","embeddable":true,"href":"https:\/\/www.ina-wissmann.de\/shop\/wp-json\/wp\/v2\/product_tag?post=11278"}],"curies":[{"name":"wp","href":"https:\/\/api.w.org\/{rel}","templated":true}]}}