{"id":1095,"date":"2024-11-21T15:51:18","date_gmt":"2024-11-21T14:51:18","guid":{"rendered":"http:\/\/inasshop.iwina.de\/?post_type=product&#038;p=1095"},"modified":"2025-03-02T16:43:09","modified_gmt":"2025-03-02T15:43:09","slug":"amethystquarz-chevron-amethyst-anhaenger-flach-gebohrt","status":"publish","type":"product","link":"https:\/\/www.ina-wissmann.de\/shop\/produkt\/amethystquarz-chevron-amethyst-anhaenger-flach-gebohrt\/","title":{"rendered":"Amethystquarz &#8211; Chevron-Amethyst Anh\u00e4nger flach gebohrt"},"content":{"rendered":"<p>Toller ovaler Anh\u00e4nger aus Chevron-Amethyst <\/p>\n","protected":false},"excerpt":{"rendered":"<p>Gebohrter flacher Chevron-Amethyst Chevron Amethyst ist Amethystquarz, also mit Amethyst durchzogener Quarz Er steht f\u00fcr Ruhe und Sammlung, aufbauen bei st\u00e4ndiger M\u00fcdigkeit 17g, ca. 4 x 2,5 cm <\/p>\n<div id=mainarea><\/div>\n","protected":false},"featured_media":10111,"comment_status":"open","ping_status":"open","template":"","meta":[],"product_brand":[],"product_cat":[262,263,275,271,305,317,633,180,276],"product_tag":[128,130,129,108,119,127,38,118,32,37,83,89,120],"class_list":{"0":"post-1095","1":"product","2":"type-product","3":"status-publish","4":"has-post-thumbnail","6":"product_cat-edelsteine","7":"product_cat-edelsteine-a-z","8":"product_cat-fische-20-02-20-03","9":"product_cat-geburtssteine","10":"product_cat-heilsteine","11":"product_cat-heilsteine-nach-farben","12":"product_cat-steine-mit-a","13":"product_cat-violett","14":"product_cat-widder-21-03-20-04","15":"product_tag-amehtyst","16":"product_tag-amethystquarz","17":"product_tag-chevron-amethyst","18":"product_tag-edelstein-anhaenger","19":"product_tag-edelsteinanhaenger","20":"product_tag-gebohrter-anhaenger","21":"product_tag-gesundheit","22":"product_tag-kette","23":"product_tag-mineralien","24":"product_tag-schmuck","25":"product_tag-steinheilkunde","26":"product_tag-taschenstein","27":"product_tag-trommelstein-anhaenger","28":"product_shipping_class-paket","29":"post-wrapper","30":"thrv_wrapper","32":"first","33":"instock","34":"taxable","35":"shipping-taxable","36":"purchasable","37":"product-type-simple"},"jetpack_sharing_enabled":true,"_links":{"self":[{"href":"https:\/\/www.ina-wissmann.de\/shop\/wp-json\/wp\/v2\/product\/1095","targetHints":{"allow":["GET"]}}],"collection":[{"href":"https:\/\/www.ina-wissmann.de\/shop\/wp-json\/wp\/v2\/product"}],"about":[{"href":"https:\/\/www.ina-wissmann.de\/shop\/wp-json\/wp\/v2\/types\/product"}],"replies":[{"embeddable":true,"href":"https:\/\/www.ina-wissmann.de\/shop\/wp-json\/wp\/v2\/comments?post=1095"}],"wp:featuredmedia":[{"embeddable":true,"href":"https:\/\/www.ina-wissmann.de\/shop\/wp-json\/wp\/v2\/media\/10111"}],"wp:attachment":[{"href":"https:\/\/www.ina-wissmann.de\/shop\/wp-json\/wp\/v2\/media?parent=1095"}],"wp:term":[{"taxonomy":"product_brand","embeddable":true,"href":"https:\/\/www.ina-wissmann.de\/shop\/wp-json\/wp\/v2\/product_brand?post=1095"},{"taxonomy":"product_cat","embeddable":true,"href":"https:\/\/www.ina-wissmann.de\/shop\/wp-json\/wp\/v2\/product_cat?post=1095"},{"taxonomy":"product_tag","embeddable":true,"href":"https:\/\/www.ina-wissmann.de\/shop\/wp-json\/wp\/v2\/product_tag?post=1095"}],"curies":[{"name":"wp","href":"https:\/\/api.w.org\/{rel}","templated":true}]}}