{"id":10593,"date":"2024-11-21T15:53:14","date_gmt":"2024-11-21T14:53:14","guid":{"rendered":"https:\/\/www.ina-wissmann.de\/shop\/?post_type=product&#038;p=10593"},"modified":"2025-11-02T19:43:48","modified_gmt":"2025-11-02T18:43:48","slug":"charoit-trommelstein-gr-m-flach","status":"publish","type":"product","link":"https:\/\/www.ina-wissmann.de\/shop\/produkt\/charoit-trommelstein-gr-m-flach\/","title":{"rendered":"Charoit Trommelstein Gr.M flach"},"content":{"rendered":"<p>Charoit Trommelsteine aus Russland flach Gr.L  &nbsp;  &nbsp;  &nbsp;  <figure id=\"attachment_7437\" aria-describedby=\"caption-attachment-7437\" style=\"width: 200px\" class=\"wp-caption alignleft\"><img class=size-full wp-image-7437 src=https:\/\/www.ina-wissmann.de\/shop\/wp-content\/uploads\/2020\/09\/Produkt-Tipp-Bild.png alt=Anwender Tipp f\u00fcr Produkte width=200 height=200 \/><figcaption id=\"caption-attachment-7437\" class=\"wp-caption-text\">Tipp des Tages<\/figcaption><\/figure>  Diese tollen flachen Charoite eignen sich hervorragend f\u00fcr Steinauflagen!<\/p>\n","protected":false},"excerpt":{"rendered":"<p>Charoit flache Trommelsteine Gr.M, Herkunft: Russland  F\u00fcr mehr Gelassenheit, hilft, Entscheidungen treffen und Berge von Arbeit tatkr\u00e4ftig erledigen zu k\u00f6nnen  Bei Bestellung bekommst du einen der abgebildeten Steine!<\/p>\n","protected":false},"featured_media":10537,"comment_status":"open","ping_status":"open","template":"","meta":[],"product_brand":[],"product_cat":[262,263,271,305,317,280,377,180],"product_tag":[],"class_list":{"0":"post-10593","1":"product","2":"type-product","3":"status-publish","4":"has-post-thumbnail","6":"product_cat-edelsteine","7":"product_cat-edelsteine-a-z","8":"product_cat-geburtssteine","9":"product_cat-heilsteine","10":"product_cat-heilsteine-nach-farben","11":"product_cat-jungfrau-24-08-23-09","12":"product_cat-neu-im-shop","13":"product_cat-violett","14":"product_shipping_class-paket","15":"post-wrapper","16":"thrv_wrapper","18":"first","19":"outofstock","20":"taxable","21":"shipping-taxable","22":"purchasable","23":"product-type-simple"},"jetpack_sharing_enabled":true,"_links":{"self":[{"href":"https:\/\/www.ina-wissmann.de\/shop\/wp-json\/wp\/v2\/product\/10593","targetHints":{"allow":["GET"]}}],"collection":[{"href":"https:\/\/www.ina-wissmann.de\/shop\/wp-json\/wp\/v2\/product"}],"about":[{"href":"https:\/\/www.ina-wissmann.de\/shop\/wp-json\/wp\/v2\/types\/product"}],"replies":[{"embeddable":true,"href":"https:\/\/www.ina-wissmann.de\/shop\/wp-json\/wp\/v2\/comments?post=10593"}],"wp:featuredmedia":[{"embeddable":true,"href":"https:\/\/www.ina-wissmann.de\/shop\/wp-json\/wp\/v2\/media\/10537"}],"wp:attachment":[{"href":"https:\/\/www.ina-wissmann.de\/shop\/wp-json\/wp\/v2\/media?parent=10593"}],"wp:term":[{"taxonomy":"product_brand","embeddable":true,"href":"https:\/\/www.ina-wissmann.de\/shop\/wp-json\/wp\/v2\/product_brand?post=10593"},{"taxonomy":"product_cat","embeddable":true,"href":"https:\/\/www.ina-wissmann.de\/shop\/wp-json\/wp\/v2\/product_cat?post=10593"},{"taxonomy":"product_tag","embeddable":true,"href":"https:\/\/www.ina-wissmann.de\/shop\/wp-json\/wp\/v2\/product_tag?post=10593"}],"curies":[{"name":"wp","href":"https:\/\/api.w.org\/{rel}","templated":true}]}}