{"id":1059,"date":"2024-11-21T15:53:14","date_gmt":"2024-11-21T14:53:14","guid":{"rendered":"http:\/\/inasshop.iwina.de\/?post_type=product&#038;p=1059"},"modified":"2025-03-02T16:40:54","modified_gmt":"2025-03-02T15:40:54","slug":"chrysopras-anhaenger-flach-brasilien-gebohrt-gr-m","status":"publish","type":"product","link":"https:\/\/www.ina-wissmann.de\/shop\/produkt\/chrysopras-anhaenger-flach-brasilien-gebohrt-gr-m\/","title":{"rendered":"Chrysopras Anh\u00e4nger flach Brasilien gebohrt Gr.M"},"content":{"rendered":"<p>Flacher Chrysopras Trommelstein gebohrt, Brasilien<\/p>\n","protected":false},"excerpt":{"rendered":"<p>Chrysopras Trommelstein, Brasilien Gr.M Gr\u00f6\u00dfe ca. 3cm, flach geschliffen und poliert Chrysopras f\u00f6rdert das Urvertrauen und unterst\u00fctzt die Vers\u00f6hnung bei Liebeskummer Beim Kauf bekommst du genau diesen Stein.<\/p>\n","protected":false},"featured_media":5722,"comment_status":"open","ping_status":"closed","template":"","meta":[],"product_brand":[],"product_cat":[262,263,275,758,178,321,305,317,280,283],"product_tag":[76],"class_list":{"0":"post-1059","1":"product","2":"type-product","3":"status-publish","4":"has-post-thumbnail","6":"product_cat-edelsteine","7":"product_cat-edelsteine-a-z","8":"product_cat-fische-20-02-20-03","9":"product_cat-m","10":"product_cat-gruen","11":"product_cat-gruene-heilsteine","12":"product_cat-heilsteine","13":"product_cat-heilsteine-nach-farben","14":"product_cat-jungfrau-24-08-23-09","15":"product_cat-waage-24-09-23-10","16":"product_tag-heilstein","17":"product_shipping_class-paket","18":"post-wrapper","19":"thrv_wrapper","21":"first","22":"instock","23":"taxable","24":"shipping-taxable","25":"purchasable","26":"product-type-simple"},"jetpack_sharing_enabled":true,"_links":{"self":[{"href":"https:\/\/www.ina-wissmann.de\/shop\/wp-json\/wp\/v2\/product\/1059","targetHints":{"allow":["GET"]}}],"collection":[{"href":"https:\/\/www.ina-wissmann.de\/shop\/wp-json\/wp\/v2\/product"}],"about":[{"href":"https:\/\/www.ina-wissmann.de\/shop\/wp-json\/wp\/v2\/types\/product"}],"replies":[{"embeddable":true,"href":"https:\/\/www.ina-wissmann.de\/shop\/wp-json\/wp\/v2\/comments?post=1059"}],"wp:featuredmedia":[{"embeddable":true,"href":"https:\/\/www.ina-wissmann.de\/shop\/wp-json\/wp\/v2\/media\/5722"}],"wp:attachment":[{"href":"https:\/\/www.ina-wissmann.de\/shop\/wp-json\/wp\/v2\/media?parent=1059"}],"wp:term":[{"taxonomy":"product_brand","embeddable":true,"href":"https:\/\/www.ina-wissmann.de\/shop\/wp-json\/wp\/v2\/product_brand?post=1059"},{"taxonomy":"product_cat","embeddable":true,"href":"https:\/\/www.ina-wissmann.de\/shop\/wp-json\/wp\/v2\/product_cat?post=1059"},{"taxonomy":"product_tag","embeddable":true,"href":"https:\/\/www.ina-wissmann.de\/shop\/wp-json\/wp\/v2\/product_tag?post=1059"}],"curies":[{"name":"wp","href":"https:\/\/api.w.org\/{rel}","templated":true}]}}