{"id":10589,"date":"2024-11-21T15:53:14","date_gmt":"2024-11-21T14:53:14","guid":{"rendered":"https:\/\/www.ina-wissmann.de\/shop\/?post_type=product&#038;p=10589"},"modified":"2025-11-14T20:02:26","modified_gmt":"2025-11-14T19:02:26","slug":"charoit-trommelstein-flach-gr-m","status":"publish","type":"product","link":"https:\/\/www.ina-wissmann.de\/shop\/produkt\/charoit-trommelstein-flach-gr-m\/","title":{"rendered":"Charoit Trommelstein flach Gr.M"},"content":{"rendered":"<p>Charoit Trommelsteine aus Russland flach Gr.M,  &nbsp;  &nbsp;  &nbsp;  <figure id=\"attachment_7437\" aria-describedby=\"caption-attachment-7437\" style=\"width: 200px\" class=\"wp-caption alignleft\"><img class=size-full wp-image-7437 src=https:\/\/www.ina-wissmann.de\/shop\/wp-content\/uploads\/2020\/09\/Produkt-Tipp-Bild.png alt=Anwender Tipp f\u00fcr Produkte width=200 height=200 \/><figcaption id=\"caption-attachment-7437\" class=\"wp-caption-text\">Tipp des Tages<\/figcaption><\/figure>  Diese tollen flachen Charoite eignen sich hervorragend f\u00fcr Steinauflagen!<\/p>\n","protected":false},"excerpt":{"rendered":"<p>Charoit flache Trommelsteine, Herkunft: Russland  F\u00fcr mehr Gelassenheit, hilft, Entscheidungen treffen und Berge von Arbeit tatkr\u00e4ftig erledigen zu k\u00f6nnen  Bei Bestellung bekommst du einen der abgebildeten Steine!<\/p>\n","protected":false},"featured_media":10532,"comment_status":"open","ping_status":"open","template":"","meta":[],"product_brand":[],"product_cat":[262,263,305,317,280,180],"product_tag":[],"class_list":{"0":"post-10589","1":"product","2":"type-product","3":"status-publish","4":"has-post-thumbnail","6":"product_cat-edelsteine","7":"product_cat-edelsteine-a-z","8":"product_cat-heilsteine","9":"product_cat-heilsteine-nach-farben","10":"product_cat-jungfrau-24-08-23-09","11":"product_cat-violett","12":"product_shipping_class-paket","13":"post-wrapper","14":"thrv_wrapper","16":"first","17":"outofstock","18":"taxable","19":"shipping-taxable","20":"purchasable","21":"product-type-simple"},"jetpack_sharing_enabled":true,"_links":{"self":[{"href":"https:\/\/www.ina-wissmann.de\/shop\/wp-json\/wp\/v2\/product\/10589","targetHints":{"allow":["GET"]}}],"collection":[{"href":"https:\/\/www.ina-wissmann.de\/shop\/wp-json\/wp\/v2\/product"}],"about":[{"href":"https:\/\/www.ina-wissmann.de\/shop\/wp-json\/wp\/v2\/types\/product"}],"replies":[{"embeddable":true,"href":"https:\/\/www.ina-wissmann.de\/shop\/wp-json\/wp\/v2\/comments?post=10589"}],"wp:featuredmedia":[{"embeddable":true,"href":"https:\/\/www.ina-wissmann.de\/shop\/wp-json\/wp\/v2\/media\/10532"}],"wp:attachment":[{"href":"https:\/\/www.ina-wissmann.de\/shop\/wp-json\/wp\/v2\/media?parent=10589"}],"wp:term":[{"taxonomy":"product_brand","embeddable":true,"href":"https:\/\/www.ina-wissmann.de\/shop\/wp-json\/wp\/v2\/product_brand?post=10589"},{"taxonomy":"product_cat","embeddable":true,"href":"https:\/\/www.ina-wissmann.de\/shop\/wp-json\/wp\/v2\/product_cat?post=10589"},{"taxonomy":"product_tag","embeddable":true,"href":"https:\/\/www.ina-wissmann.de\/shop\/wp-json\/wp\/v2\/product_tag?post=10589"}],"curies":[{"name":"wp","href":"https:\/\/api.w.org\/{rel}","templated":true}]}}