{"id":10359,"date":"2024-11-21T15:53:14","date_gmt":"2024-11-21T14:53:14","guid":{"rendered":"https:\/\/www.ina-wissmann.de\/shop\/?post_type=product&#038;p=10359"},"modified":"2024-12-13T16:39:57","modified_gmt":"2024-12-13T15:39:57","slug":"chalcedon-rosa-trommelstein-gebohrt-gr-l","status":"publish","type":"product","link":"https:\/\/www.ina-wissmann.de\/shop\/produkt\/chalcedon-rosa-trommelstein-gebohrt-gr-l\/","title":{"rendered":"Chalcedon rosa Trommelstein gebohrt Gr. L"},"content":{"rendered":"<p>Rosa Chalcedon Anh\u00e4nger gebohrt<\/p>\n","protected":false},"excerpt":{"rendered":"<p>Rosa Chalcedon Trommelstein gebohrt Der rosa Chalcedon ist der Herz\u00f6ffner unter den Heilsteinen. Er wird auch Rosenchalcedon genannt und l\u00e4sst dich im Kontakt mit anderen sanft dein Herz \u00f6ffnen und dich angstfrei auf diese zugehen. Er f\u00f6rdet das Verst\u00e4ndnis f\u00fcr dich und andere. Ma\u00dfe: 3cm Gr. L<\/p>\n","protected":false},"featured_media":10520,"comment_status":"open","ping_status":"open","template":"","meta":[],"product_brand":[],"product_cat":[262,263,271,305,317,221],"product_tag":[],"class_list":{"0":"post-10359","1":"product","2":"type-product","3":"status-publish","4":"has-post-thumbnail","6":"product_cat-edelsteine","7":"product_cat-edelsteine-a-z","8":"product_cat-geburtssteine","9":"product_cat-heilsteine","10":"product_cat-heilsteine-nach-farben","11":"product_cat-rosa","12":"product_shipping_class-paket","13":"post-wrapper","14":"thrv_wrapper","16":"first","17":"instock","18":"taxable","19":"shipping-taxable","20":"purchasable","21":"product-type-simple"},"jetpack_sharing_enabled":true,"_links":{"self":[{"href":"https:\/\/www.ina-wissmann.de\/shop\/wp-json\/wp\/v2\/product\/10359","targetHints":{"allow":["GET"]}}],"collection":[{"href":"https:\/\/www.ina-wissmann.de\/shop\/wp-json\/wp\/v2\/product"}],"about":[{"href":"https:\/\/www.ina-wissmann.de\/shop\/wp-json\/wp\/v2\/types\/product"}],"replies":[{"embeddable":true,"href":"https:\/\/www.ina-wissmann.de\/shop\/wp-json\/wp\/v2\/comments?post=10359"}],"wp:featuredmedia":[{"embeddable":true,"href":"https:\/\/www.ina-wissmann.de\/shop\/wp-json\/wp\/v2\/media\/10520"}],"wp:attachment":[{"href":"https:\/\/www.ina-wissmann.de\/shop\/wp-json\/wp\/v2\/media?parent=10359"}],"wp:term":[{"taxonomy":"product_brand","embeddable":true,"href":"https:\/\/www.ina-wissmann.de\/shop\/wp-json\/wp\/v2\/product_brand?post=10359"},{"taxonomy":"product_cat","embeddable":true,"href":"https:\/\/www.ina-wissmann.de\/shop\/wp-json\/wp\/v2\/product_cat?post=10359"},{"taxonomy":"product_tag","embeddable":true,"href":"https:\/\/www.ina-wissmann.de\/shop\/wp-json\/wp\/v2\/product_tag?post=10359"}],"curies":[{"name":"wp","href":"https:\/\/api.w.org\/{rel}","templated":true}]}}