{"id":10272,"date":"2023-01-19T20:19:23","date_gmt":"2023-01-19T19:19:23","guid":{"rendered":"https:\/\/www.ina-wissmann.de\/shop\/?post_type=product&#038;p=10272"},"modified":"2025-06-14T14:50:35","modified_gmt":"2025-06-14T12:50:35","slug":"eisen-nickel-meteorit-granchaco-gualamba-argentinien","status":"publish","type":"product","link":"https:\/\/www.ina-wissmann.de\/shop\/produkt\/eisen-nickel-meteorit-granchaco-gualamba-argentinien\/","title":{"rendered":"Eisen-Nickel-Meteorit GranChaco Gualamba, Argentinien"},"content":{"rendered":"<h4>Herkunft:<\/h4>\n<p>Argentinien, Chaco<\/p>\n<h4>Lieferumfang:<\/h4>\n<p>Einen Stein\u00a0 \u00e4hnlich wie abgebildet<\/p>\n<p><strong>Gr\u00f6\u00dfe &amp; Gewicht:<\/strong><\/p>\n<p>Gr. M ca. 2cm<\/p>\n<p>Edelsteine sind ein Naturprodukt und k\u00f6nnen Farbabweichungen und nat\u00fcrliche Risse an der Oberfl\u00e4che haben. Dies ist unvermeidlich, da nat\u00fcrlich entstanden. Trotz sorgf\u00e4ltiger Schleifarbeit kommt es zu unterschiedlichen Oberfl\u00e4chen und Polituren. Bitte ber\u00fccksichtige das bei deinem Einkauf. Du erwirbst ein Naturprodukt, wo keines so ist, wie das andere! Mineralogisch ist der Tektit als Impaktglas bekannt, welches durch Meteoriteneinschlag entstanden ist.<\/p>\n","protected":false},"excerpt":{"rendered":"<p>Eisen-Nickel-Meteorit GranChaco Gualamba, Argentinien<br \/>\nMeteoriten unterst\u00fctzten dich, neue Blickwinkel einzunehmen, deine Absichten und Ziele zu \u00fcberpr\u00fcfen und den Blick auf das zu sch\u00e4rfen, was du in dein Leben holen willst<\/p>\n","protected":false},"featured_media":10273,"comment_status":"open","ping_status":"closed","template":"","meta":[],"product_brand":[],"product_cat":[262,263,636,183,386,305,317,199,638,646,647],"product_tag":[],"class_list":{"0":"post-10272","1":"product","2":"type-product","3":"status-publish","4":"has-post-thumbnail","6":"product_cat-edelsteine","7":"product_cat-edelsteine-a-z","8":"product_cat-edelsteine-nach-farben","9":"product_cat-graue","10":"product_cat-graue-heilsteine","11":"product_cat-heilsteine","12":"product_cat-heilsteine-nach-farben","13":"product_cat-rohsteine-grau","14":"product_cat-steine-mit-e","15":"product_cat-steine-mit-m","16":"product_cat-steine-mit-n","17":"product_shipping_class-paket","18":"post-wrapper","19":"thrv_wrapper","21":"first","22":"instock","23":"taxable","24":"shipping-taxable","25":"purchasable","26":"product-type-simple"},"jetpack_sharing_enabled":true,"_links":{"self":[{"href":"https:\/\/www.ina-wissmann.de\/shop\/wp-json\/wp\/v2\/product\/10272","targetHints":{"allow":["GET"]}}],"collection":[{"href":"https:\/\/www.ina-wissmann.de\/shop\/wp-json\/wp\/v2\/product"}],"about":[{"href":"https:\/\/www.ina-wissmann.de\/shop\/wp-json\/wp\/v2\/types\/product"}],"replies":[{"embeddable":true,"href":"https:\/\/www.ina-wissmann.de\/shop\/wp-json\/wp\/v2\/comments?post=10272"}],"wp:featuredmedia":[{"embeddable":true,"href":"https:\/\/www.ina-wissmann.de\/shop\/wp-json\/wp\/v2\/media\/10273"}],"wp:attachment":[{"href":"https:\/\/www.ina-wissmann.de\/shop\/wp-json\/wp\/v2\/media?parent=10272"}],"wp:term":[{"taxonomy":"product_brand","embeddable":true,"href":"https:\/\/www.ina-wissmann.de\/shop\/wp-json\/wp\/v2\/product_brand?post=10272"},{"taxonomy":"product_cat","embeddable":true,"href":"https:\/\/www.ina-wissmann.de\/shop\/wp-json\/wp\/v2\/product_cat?post=10272"},{"taxonomy":"product_tag","embeddable":true,"href":"https:\/\/www.ina-wissmann.de\/shop\/wp-json\/wp\/v2\/product_tag?post=10272"}],"curies":[{"name":"wp","href":"https:\/\/api.w.org\/{rel}","templated":true}]}}