{"id":10227,"date":"2024-11-21T15:53:14","date_gmt":"2024-11-21T14:53:14","guid":{"rendered":"https:\/\/www.ina-wissmann.de\/shop\/?post_type=product&#038;p=10227"},"modified":"2025-03-02T16:31:25","modified_gmt":"2025-03-02T15:31:25","slug":"chalcedon-geode-roh-in-tollem-hellblau","status":"publish","type":"product","link":"https:\/\/www.ina-wissmann.de\/shop\/produkt\/chalcedon-geode-roh-in-tollem-hellblau\/","title":{"rendered":"Chalcedon Geode roh in tollem hellblau"},"content":{"rendered":"<p>H\u00fcbsche Chalcedongeode naturbelassen, unbehandelt ca. 89g<\/p>\n","protected":false},"excerpt":{"rendered":"<p>Chalcedon &#8211; roh &#8211; Geode wundersch\u00f6n &#8211; es l\u00e4sst sich der Entstehungsprozess fast noch sp\u00fcren&#8230;  Kommunikation &#8211; Im Flu\u00df sein &#8211; Blockaden l\u00f6sen<\/p>\n","protected":false},"featured_media":10193,"comment_status":"open","ping_status":"open","template":"","meta":[],"product_brand":[],"product_cat":[179,262,263,305,317,282],"product_tag":[],"class_list":{"0":"post-10227","1":"product","2":"type-product","3":"status-publish","4":"has-post-thumbnail","6":"product_cat-blau","7":"product_cat-edelsteine","8":"product_cat-edelsteine-a-z","9":"product_cat-heilsteine","10":"product_cat-heilsteine-nach-farben","11":"product_cat-zwilling-21-05-21-06","12":"product_shipping_class-paket","13":"post-wrapper","14":"thrv_wrapper","16":"first","17":"instock","18":"taxable","19":"shipping-taxable","20":"purchasable","21":"product-type-simple"},"jetpack_sharing_enabled":true,"_links":{"self":[{"href":"https:\/\/www.ina-wissmann.de\/shop\/wp-json\/wp\/v2\/product\/10227","targetHints":{"allow":["GET"]}}],"collection":[{"href":"https:\/\/www.ina-wissmann.de\/shop\/wp-json\/wp\/v2\/product"}],"about":[{"href":"https:\/\/www.ina-wissmann.de\/shop\/wp-json\/wp\/v2\/types\/product"}],"replies":[{"embeddable":true,"href":"https:\/\/www.ina-wissmann.de\/shop\/wp-json\/wp\/v2\/comments?post=10227"}],"wp:featuredmedia":[{"embeddable":true,"href":"https:\/\/www.ina-wissmann.de\/shop\/wp-json\/wp\/v2\/media\/10193"}],"wp:attachment":[{"href":"https:\/\/www.ina-wissmann.de\/shop\/wp-json\/wp\/v2\/media?parent=10227"}],"wp:term":[{"taxonomy":"product_brand","embeddable":true,"href":"https:\/\/www.ina-wissmann.de\/shop\/wp-json\/wp\/v2\/product_brand?post=10227"},{"taxonomy":"product_cat","embeddable":true,"href":"https:\/\/www.ina-wissmann.de\/shop\/wp-json\/wp\/v2\/product_cat?post=10227"},{"taxonomy":"product_tag","embeddable":true,"href":"https:\/\/www.ina-wissmann.de\/shop\/wp-json\/wp\/v2\/product_tag?post=10227"}],"curies":[{"name":"wp","href":"https:\/\/api.w.org\/{rel}","templated":true}]}}