{"id":10054,"date":"2022-12-24T00:00:00","date_gmt":"2022-12-23T23:00:00","guid":{"rendered":"https:\/\/www.ina-wissmann.de\/shop\/?post_type=product&#038;p=10054"},"modified":"2024-11-21T19:05:37","modified_gmt":"2024-11-21T18:05:37","slug":"tsavorit-anhaenger","status":"publish","type":"product","link":"https:\/\/www.ina-wissmann.de\/shop\/produkt\/tsavorit-anhaenger\/","title":{"rendered":"Tsavorit Granat gr\u00fcn Trommelstein Anh\u00e4nger gebohrt Gr. S"},"content":{"rendered":"","protected":false},"excerpt":{"rendered":"<p>Granat Tsavorit Anh\u00e4nger Gr. S gebohrt<\/p>\n","protected":false},"featured_media":3078,"comment_status":"closed","ping_status":"closed","template":"","meta":[],"product_brand":[],"product_cat":[200,262,263,636,764,178,321,305,317,645,652],"product_tag":[],"class_list":{"0":"post-10054","1":"product","2":"type-product","3":"status-publish","4":"has-post-thumbnail","6":"product_cat-anhaenger-gruen","7":"product_cat-edelsteine","8":"product_cat-edelsteine-a-z","9":"product_cat-edelsteine-nach-farben","10":"product_cat-gesundheit-vitalitaet","11":"product_cat-gruen","12":"product_cat-gruene-heilsteine","13":"product_cat-heilsteine","14":"product_cat-heilsteine-nach-farben","15":"product_cat-steine-mit-g","16":"product_cat-steine-mit-t","17":"product_shipping_class-paket","18":"post-wrapper","19":"thrv_wrapper","21":"first","22":"outofstock","23":"sold-individually","24":"taxable","25":"shipping-taxable","26":"purchasable","27":"product-type-simple"},"jetpack_sharing_enabled":true,"_links":{"self":[{"href":"https:\/\/www.ina-wissmann.de\/shop\/wp-json\/wp\/v2\/product\/10054","targetHints":{"allow":["GET"]}}],"collection":[{"href":"https:\/\/www.ina-wissmann.de\/shop\/wp-json\/wp\/v2\/product"}],"about":[{"href":"https:\/\/www.ina-wissmann.de\/shop\/wp-json\/wp\/v2\/types\/product"}],"replies":[{"embeddable":true,"href":"https:\/\/www.ina-wissmann.de\/shop\/wp-json\/wp\/v2\/comments?post=10054"}],"wp:featuredmedia":[{"embeddable":true,"href":"https:\/\/www.ina-wissmann.de\/shop\/wp-json\/wp\/v2\/media\/3078"}],"wp:attachment":[{"href":"https:\/\/www.ina-wissmann.de\/shop\/wp-json\/wp\/v2\/media?parent=10054"}],"wp:term":[{"taxonomy":"product_brand","embeddable":true,"href":"https:\/\/www.ina-wissmann.de\/shop\/wp-json\/wp\/v2\/product_brand?post=10054"},{"taxonomy":"product_cat","embeddable":true,"href":"https:\/\/www.ina-wissmann.de\/shop\/wp-json\/wp\/v2\/product_cat?post=10054"},{"taxonomy":"product_tag","embeddable":true,"href":"https:\/\/www.ina-wissmann.de\/shop\/wp-json\/wp\/v2\/product_tag?post=10054"}],"curies":[{"name":"wp","href":"https:\/\/api.w.org\/{rel}","templated":true}]}}